{"id":825,"date":"2017-03-10T10:52:32","date_gmt":"2017-03-10T09:52:32","guid":{"rendered":"http:\/\/2017.lublin.wordcamp.org\/?page_id=825"},"modified":"2023-07-28T18:21:49","modified_gmt":"2023-07-28T16:21:49","slug":"kalendarz-wordupow","status":"publish","type":"page","link":"https:\/\/poznan.wordcamp.org\/2018\/kalendarz-wordupow\/","title":{"rendered":"Kalendarz WordUp\u00f3w"},"content":{"rendered":"<div class=\"container-narrow\">\n<p>WordUpy to cykliczne spotkania lokalnych entuzjast\u00f3w WordPressa.<\/p>\n<\/div>\n<iframe loading=\"lazy\" src=\"https:\/\/calendar.google.com\/calendar\/embed?src=g9taks392e8mc5letq9pmtfqq8%40group.calendar.google.com&#038;ctz=Europe\/Warsaw\" frameborder=\"0\" width=\"740\" height=\"600\" marginheight=\"0\" marginwidth=\"0\" allowfullscreen=\"true\" mozallowfullscreen=\"true\" webkitallowfullscreen=\"true\"><\/iframe>\n<div class=\"container-narrow\">\n<h2>Lokalne spo\u0142eczno\u015bci WordPressa<\/h2>\n<ul>\n<li>WordUp Bia\u0142ystok (<a href=\"https:\/\/www.facebook.com\/groups\/1965605373676212\/\">Facebook<\/a>)<\/li>\n<li><a href=\"http:\/\/wordup.krakow.pl\/\">WordUp Krak\u00f3w<\/a>\u00a0(<a href=\"https:\/\/www.facebook.com\/WordUpKrakow\/\">Facebook<\/a>)<\/li>\n<li><a href=\"http:\/\/wordup.lublin.pl\">WordUp Lublin<\/a>\u00a0 (<a href=\"https:\/\/www.facebook.com\/WordUpLublin\/\">Facebook<\/a>)<\/li>\n<li><a href=\"http:\/\/worduplodz.pl\/\">WordUp \u0141\u00f3d\u017a<\/a>\u00a0 (<a href=\"https:\/\/www.facebook.com\/worduplodz\/\">Facebook<\/a>)<\/li>\n<li><a href=\"http:\/\/wordup-poznan.pl\/\">WordUp Pozna\u0144<\/a>\u00a0 (<a href=\"https:\/\/www.facebook.com\/wordpresspoznan\/\">Facebook<\/a>)<\/li>\n<li><a href=\"http:\/\/wordupsilesia.pl\/\">WordUp Silesia<\/a>\u00a0 (<a href=\"https:\/\/www.facebook.com\/WordUpSilesia\/\">Facebook<\/a>)<\/li>\n<li><a href=\"https:\/\/wordup.wpart.pl\/\">WordUp Toru\u0144<\/a>\u00a0 (<a href=\"https:\/\/www.facebook.com\/worduptorun\/\">Facebook<\/a>)<\/li>\n<li><a href=\"https:\/\/wp.trojmiasto.us\/\">WordPress Gdynia<\/a>\u00a0 (<a href=\"https:\/\/www.facebook.com\/worduptrojmiasto\/\">Facebook<\/a>)<\/li>\n<li><a href=\"http:\/\/wordup.waw.pl\/\">WordUp Warszawa<\/a>\u00a0 (<a href=\"https:\/\/www.facebook.com\/WordUpWarszawa\/\">Facebook<\/a>)<\/li>\n<li><a href=\"http:\/\/wordup.wroclaw.pl\/\">WordUp Wroc\u0142aw<\/a>\u00a0 (<a href=\"https:\/\/www.facebook.com\/WordPressWroclaw\/?fref=ts\">Facebook<\/a>)<\/li>\n<li><a href=\"http:\/\/wordup.kalisz.pl\/\">WordUp Kalisz<\/a>\u00a0 (<a href=\"https:\/\/www.facebook.com\/WordUpKalisz\/\">Facebook<\/a>)<\/li>\n<\/ul>\n<h2>A gdzie moje miasto?<\/h2>\n<p>Chcia\u0142(a)by\u015b aby i w Twoim mie\u015bcie pojawi\u0142 si\u0119 WordUp?<\/p>\n<ul>\n<li>zajrzyj do poradnika <a href=\"https:\/\/www.wptrojmiasto.pl\/jak-zorganizowac-wordup\/\">&#8222;Jak zorganizowa\u0107 WordUp?&#8221;<\/a><\/li>\n<li>obejrzyj poni\u017csze wyst\u0105pienie Marcina Wolaka na <a href=\"https:\/\/2014.warsaw.wordcamp.org\/\">WordCamp Polska 2014<\/a><\/li>\n<\/ul>\n<p><iframe title=\"VideoPress Video Player\" aria-label='VideoPress Video Player' width='740' height='416' src='https:\/\/video.wordpress.com\/embed\/87fdkpDO?hd=1&amp;cover=1' frameborder='0' allowfullscreen allow='clipboard-write'><\/iframe><script src='https:\/\/v0.wordpress.com\/js\/next\/videopress-iframe.js?m=1674852142'><\/script><\/p>\n<\/div>\n","protected":false},"excerpt":{"rendered":"<p>WordUpy to cykliczne spotkania lokalnych entuzjast\u00f3w WordPressa. Lokalne spo\u0142eczno\u015bci WordPressa WordUp Bia\u0142ystok (Facebook) WordUp Krak\u00f3w\u00a0(Facebook) WordUp Lublin\u00a0 (Facebook) WordUp \u0141\u00f3d\u017a\u00a0 (Facebook) WordUp Pozna\u0144\u00a0 (Facebook) WordUp Silesia\u00a0 (Facebook) WordUp Toru\u0144\u00a0 (Facebook) WordPress Gdynia\u00a0 (Facebook) WordUp Warszawa\u00a0 (Facebook) WordUp Wroc\u0142aw\u00a0 (Facebook) WordUp Kalisz\u00a0 (Facebook) A gdzie moje miasto? Chcia\u0142(a)by\u015b aby i w Twoim mie\u015bcie pojawi\u0142 si\u0119 WordUp? &hellip; <\/p>\n<p class=\"link-more\"><a href=\"https:\/\/poznan.wordcamp.org\/2018\/kalendarz-wordupow\/\" class=\"more-link\">Czytaj dalej<span class=\"screen-reader-text\"> \u201eKalendarz WordUp\u00f3w\u201d<\/span><\/a><\/p>\n","protected":false},"author":15364636,"featured_media":0,"parent":0,"menu_order":0,"comment_status":"closed","ping_status":"closed","template":"","meta":{"jetpack_post_was_ever_published":false,"footnotes":""},"class_list":["post-825","page","type-page","status-publish","hentry"],"jetpack_sharing_enabled":true,"jetpack_shortlink":"https:\/\/wp.me\/P9jHCf-dj","_links":{"self":[{"href":"https:\/\/poznan.wordcamp.org\/2018\/wp-json\/wp\/v2\/pages\/825","targetHints":{"allow":["GET"]}}],"collection":[{"href":"https:\/\/poznan.wordcamp.org\/2018\/wp-json\/wp\/v2\/pages"}],"about":[{"href":"https:\/\/poznan.wordcamp.org\/2018\/wp-json\/wp\/v2\/types\/page"}],"author":[{"embeddable":true,"href":"https:\/\/poznan.wordcamp.org\/2018\/wp-json\/wp\/v2\/users\/15364636"}],"replies":[{"embeddable":true,"href":"https:\/\/poznan.wordcamp.org\/2018\/wp-json\/wp\/v2\/comments?post=825"}],"version-history":[{"count":4,"href":"https:\/\/poznan.wordcamp.org\/2018\/wp-json\/wp\/v2\/pages\/825\/revisions"}],"predecessor-version":[{"id":5982,"href":"https:\/\/poznan.wordcamp.org\/2018\/wp-json\/wp\/v2\/pages\/825\/revisions\/5982"}],"wp:attachment":[{"href":"https:\/\/poznan.wordcamp.org\/2018\/wp-json\/wp\/v2\/media?parent=825"}],"curies":[{"name":"wp","href":"https:\/\/api.w.org\/{rel}","templated":true}]}}