{"id":4506,"date":"2018-06-28T12:03:50","date_gmt":"2018-06-28T10:03:50","guid":{"rendered":"https:\/\/2018.poznan.wordcamp.org\/?page_id=4506"},"modified":"2018-06-29T22:08:53","modified_gmt":"2018-06-29T20:08:53","slug":"middle-party","status":"publish","type":"page","link":"https:\/\/poznan.wordcamp.org\/2018\/middle-party\/","title":{"rendered":"Middle Party"},"content":{"rendered":"<p>Wa\u017cnym elementem ka\u017cdego WordCampa jest integracja uczestnik\u00f3w! A zatem i w Poznaniu nie mo\u017ce zabrakn\u0105\u0107 <strong>Middle Party<\/strong>, kt\u00f3re odb\u0119dzie si\u0119 w sobot\u0119, 7 lipca, o godzinie 19:30 w klubie <a href=\"http:\/\/www.muchos.pl\/\">Muchos,<\/a> przy ul. Nowowiejskiego 13\/15 w centrum Poznania. Zapraszamy wszystkich uczestnik\u00f3w WordCamp Pozna\u0144!<\/p>\n<p>W dwupoziomowym Klubie Muchos ka\u017cdy znajdzie co\u015b dla siebie. Przewidujemy nast\u0119puj\u0105ce atrakcje:<\/p>\n<ul>\n<li>Transmisja meczu \u0107wier\u0107fina\u0142owego Mistrzostw \u015bwiata w pi\u0142ce no\u017cnej [godz. 20:00, poziom 0]<\/li>\n<li>Karaoke [godz. 21:45, poziom 0]<\/li>\n<li>Fotobudka<\/li>\n<li>Pi\u0142karzyki<\/li>\n<li>Impreza z DJ-em [poziom -1]<\/li>\n<li>B\u0119d\u0105 te\u017c oczywi\u015bcie kupony na napoje rozweselaj\u0105ce i nie tylko<\/li>\n<\/ul>\n<p>Wst\u0119p na imprez\u0119 na podstawie listy uczestnik\u00f3w konferencji, <strong>tylko dla os\u00f3b pe\u0142noletnich<\/strong>.<\/p>\n<p>Do zobaczenia!<\/p>\n<p><img data-recalc-dims=\"1\" loading=\"lazy\" decoding=\"async\" class=\"alignnone size-full\" src=\"https:\/\/i0.wp.com\/www.muchos.pl\/upload\/images\/DZIAL_GALERIA_4.jpg?resize=740%2C436\" width=\"740\" height=\"436\" \/><\/p>\n","protected":false},"excerpt":{"rendered":"<p>Wa\u017cnym elementem ka\u017cdego WordCampa jest integracja uczestnik\u00f3w! A zatem i w Poznaniu nie mo\u017ce zabrakn\u0105\u0107 Middle Party, kt\u00f3re odb\u0119dzie si\u0119 w sobot\u0119, 7 lipca, o godzinie 19:30 w klubie Muchos, przy ul. Nowowiejskiego 13\/15 w centrum Poznania. Zapraszamy wszystkich uczestnik\u00f3w WordCamp Pozna\u0144! W dwupoziomowym Klubie Muchos ka\u017cdy znajdzie co\u015b dla siebie. Przewidujemy nast\u0119puj\u0105ce atrakcje: Transmisja &hellip; <\/p>\n<p class=\"link-more\"><a href=\"https:\/\/poznan.wordcamp.org\/2018\/middle-party\/\" class=\"more-link\">Czytaj dalej<span class=\"screen-reader-text\"> \u201eMiddle Party\u201d<\/span><\/a><\/p>\n","protected":false},"author":14992222,"featured_media":0,"parent":0,"menu_order":0,"comment_status":"closed","ping_status":"closed","template":"","meta":{"jetpack_post_was_ever_published":false,"footnotes":""},"class_list":["post-4506","page","type-page","status-publish","hentry"],"jetpack_sharing_enabled":true,"jetpack_shortlink":"https:\/\/wp.me\/P9jHCf-1aG","_links":{"self":[{"href":"https:\/\/poznan.wordcamp.org\/2018\/wp-json\/wp\/v2\/pages\/4506","targetHints":{"allow":["GET"]}}],"collection":[{"href":"https:\/\/poznan.wordcamp.org\/2018\/wp-json\/wp\/v2\/pages"}],"about":[{"href":"https:\/\/poznan.wordcamp.org\/2018\/wp-json\/wp\/v2\/types\/page"}],"author":[{"embeddable":true,"href":"https:\/\/poznan.wordcamp.org\/2018\/wp-json\/wp\/v2\/users\/14992222"}],"replies":[{"embeddable":true,"href":"https:\/\/poznan.wordcamp.org\/2018\/wp-json\/wp\/v2\/comments?post=4506"}],"version-history":[{"count":7,"href":"https:\/\/poznan.wordcamp.org\/2018\/wp-json\/wp\/v2\/pages\/4506\/revisions"}],"predecessor-version":[{"id":4539,"href":"https:\/\/poznan.wordcamp.org\/2018\/wp-json\/wp\/v2\/pages\/4506\/revisions\/4539"}],"wp:attachment":[{"href":"https:\/\/poznan.wordcamp.org\/2018\/wp-json\/wp\/v2\/media?parent=4506"}],"curies":[{"name":"wp","href":"https:\/\/api.w.org\/{rel}","templated":true}]}}