{"id":424,"date":"2017-02-28T12:18:48","date_gmt":"2017-02-28T11:18:48","guid":{"rendered":"http:\/\/2017.lublin.wordcamp.org\/?page_id=424"},"modified":"2018-06-28T11:39:35","modified_gmt":"2018-06-28T09:39:35","slug":"lokalizacja","status":"publish","type":"page","link":"https:\/\/poznan.wordcamp.org\/2018\/lokalizacja\/","title":{"rendered":"Lokalizacja"},"content":{"rendered":"<p>Przez wszystkie 3 dni konferencji b\u0119dziemy go\u015bci\u0107 na Wydziale Prawa Uniwersytetu im. Adama Mickiewicza w Poznaniu, w budynku <strong>Collegium Iuridicum Novum<\/strong>, przy Al. Niepodleg\u0142o\u015bci 53, w centrum Poznania.<\/p>\n<p><img data-recalc-dims=\"1\" loading=\"lazy\" decoding=\"async\" data-attachment-id=\"2944\" data-permalink=\"https:\/\/poznan.wordcamp.org\/2018\/lokalizacja\/collegium-iuridicum-novum\/\" data-orig-file=\"https:\/\/i0.wp.com\/poznan.wordcamp.org\/2018\/files\/2018\/03\/collegium-iuridicum-novum.jpg?fit=1400%2C840&amp;ssl=1\" data-orig-size=\"1400,840\" data-comments-opened=\"1\" data-image-meta=\"{&quot;aperture&quot;:&quot;0&quot;,&quot;credit&quot;:&quot;&quot;,&quot;camera&quot;:&quot;&quot;,&quot;caption&quot;:&quot;&quot;,&quot;created_timestamp&quot;:&quot;0&quot;,&quot;copyright&quot;:&quot;&quot;,&quot;focal_length&quot;:&quot;0&quot;,&quot;iso&quot;:&quot;0&quot;,&quot;shutter_speed&quot;:&quot;0&quot;,&quot;title&quot;:&quot;&quot;,&quot;orientation&quot;:&quot;0&quot;}\" data-image-title=\"collegium-iuridicum-novum\" data-image-description=\"\" data-image-caption=\"\" data-medium-file=\"https:\/\/i0.wp.com\/poznan.wordcamp.org\/2018\/files\/2018\/03\/collegium-iuridicum-novum.jpg?fit=300%2C180&amp;ssl=1\" data-large-file=\"https:\/\/i0.wp.com\/poznan.wordcamp.org\/2018\/files\/2018\/03\/collegium-iuridicum-novum.jpg?fit=740%2C444&amp;ssl=1\" class=\"aligncenter wp-image-2944 size-full\" src=\"https:\/\/i0.wp.com\/2018.poznan.wordcamp.org\/files\/2018\/03\/collegium-iuridicum-novum.jpg?resize=740%2C444&#038;ssl=1\" alt=\"Collegium Iuridicum Novum\" width=\"740\" height=\"444\" srcset=\"https:\/\/i0.wp.com\/poznan.wordcamp.org\/2018\/files\/2018\/03\/collegium-iuridicum-novum.jpg?w=1400&amp;ssl=1 1400w, https:\/\/i0.wp.com\/poznan.wordcamp.org\/2018\/files\/2018\/03\/collegium-iuridicum-novum.jpg?resize=300%2C180&amp;ssl=1 300w, https:\/\/i0.wp.com\/poznan.wordcamp.org\/2018\/files\/2018\/03\/collegium-iuridicum-novum.jpg?resize=768%2C461&amp;ssl=1 768w, https:\/\/i0.wp.com\/poznan.wordcamp.org\/2018\/files\/2018\/03\/collegium-iuridicum-novum.jpg?resize=1024%2C614&amp;ssl=1 1024w, https:\/\/i0.wp.com\/poznan.wordcamp.org\/2018\/files\/2018\/03\/collegium-iuridicum-novum.jpg?resize=500%2C300&amp;ssl=1 500w\" sizes=\"auto, (max-width: 706px) 89vw, (max-width: 767px) 82vw, 740px\" \/><\/p>\n<h3><strong>Jak dojecha\u0107<\/strong><\/h3>\n<p>Przed budynkiem znajduje si\u0119 przystanek autobusowy <strong>Urz\u0105d Marsza\u0142kowski<\/strong>, gdzie gdzie zatrzymuj\u0105 si\u0119 autobusy nr 68 i 71, jad\u0105ce z dworca PKP.<\/p>\n<p>A dla tych, kt\u00f3rzy podr\u00f3\u017c na wydarzenie planuj\u0105 autem, podajemy dane do<br \/>\n<strong>GPS: 52.4162283 N 16.9234193 E.<\/strong><\/p>\n<p>Na trawniku przy budynku b\u0119dzie zaaran\u017cowany <strong>bezp\u0142atny parking<\/strong>. W razie deszczowej pogody polecamy zaparkowa\u0107 przy ulicy, gdzie w weekendy mo\u017cna parkowa\u0107 bezp\u0142atnie, natomiast w tygodniu w godzinach 8-18 obowi\u0105zuje strefa p\u0142atnego parkowania.<\/p>\n<p><strong>Taxi w Poznaniu<\/strong>. Polecamy korzysta\u0107 z Ubera lub zamawia\u0107 taks\u00f3wk\u0119 przez telefon np.:\u00a0<a href=\"http:\/\/taxirmi.pl\/\">http:\/\/taxirmi.pl\/<\/a>.\u00a0 Nie polecamy \u0142apania taks\u00f3wki na ulicy.<\/p>\n<h3><strong>Gdzie si\u0119 zatrzyma\u0107<\/strong><\/h3>\n<p>Naprzeciwko budynku uczelni znajduje si\u0119 prywatny akademik <a href=\"https:\/\/2018.poznan.wordcamp.org\/noclegi\/\">Polonez Student Depot<\/a>, gdzie w okresie wakacyjnym mo\u017cna wynaj\u0105\u0107 pokoje na kr\u00f3tki pobyt, w korzystnej cenie.<\/p>\n<p>Mamy dla Was specjaln\u0105 ofert\u0119 na wynajem pokoi w ww. akademiku, szczeg\u00f3\u0142y dost\u0119pne s\u0105 na stronie <a href=\"https:\/\/2018.poznan.wordcamp.org\/noclegi\/\">Noclegi<\/a>.<\/p>\n","protected":false},"excerpt":{"rendered":"<p>Przez wszystkie 3 dni konferencji b\u0119dziemy go\u015bci\u0107 na Wydziale Prawa Uniwersytetu im. Adama Mickiewicza w Poznaniu, w budynku Collegium Iuridicum Novum, przy Al. Niepodleg\u0142o\u015bci 53, w centrum Poznania. Jak dojecha\u0107 Przed budynkiem znajduje si\u0119 przystanek autobusowy Urz\u0105d Marsza\u0142kowski, gdzie gdzie zatrzymuj\u0105 si\u0119 autobusy nr 68 i 71, jad\u0105ce z dworca PKP. A dla tych, kt\u00f3rzy &hellip; <\/p>\n<p class=\"link-more\"><a href=\"https:\/\/poznan.wordcamp.org\/2018\/lokalizacja\/\" class=\"more-link\">Czytaj dalej<span class=\"screen-reader-text\"> \u201eLokalizacja\u201d<\/span><\/a><\/p>\n","protected":false},"author":15364636,"featured_media":0,"parent":0,"menu_order":0,"comment_status":"closed","ping_status":"closed","template":"","meta":{"jetpack_post_was_ever_published":false,"footnotes":""},"class_list":["post-424","page","type-page","status-publish","hentry"],"jetpack_sharing_enabled":true,"jetpack_shortlink":"https:\/\/wp.me\/P9jHCf-6Q","_links":{"self":[{"href":"https:\/\/poznan.wordcamp.org\/2018\/wp-json\/wp\/v2\/pages\/424","targetHints":{"allow":["GET"]}}],"collection":[{"href":"https:\/\/poznan.wordcamp.org\/2018\/wp-json\/wp\/v2\/pages"}],"about":[{"href":"https:\/\/poznan.wordcamp.org\/2018\/wp-json\/wp\/v2\/types\/page"}],"author":[{"embeddable":true,"href":"https:\/\/poznan.wordcamp.org\/2018\/wp-json\/wp\/v2\/users\/15364636"}],"replies":[{"embeddable":true,"href":"https:\/\/poznan.wordcamp.org\/2018\/wp-json\/wp\/v2\/comments?post=424"}],"version-history":[{"count":5,"href":"https:\/\/poznan.wordcamp.org\/2018\/wp-json\/wp\/v2\/pages\/424\/revisions"}],"predecessor-version":[{"id":4501,"href":"https:\/\/poznan.wordcamp.org\/2018\/wp-json\/wp\/v2\/pages\/424\/revisions\/4501"}],"wp:attachment":[{"href":"https:\/\/poznan.wordcamp.org\/2018\/wp-json\/wp\/v2\/media?parent=424"}],"curies":[{"name":"wp","href":"https:\/\/api.w.org\/{rel}","templated":true}]}}