{"id":397,"date":"2017-02-28T11:46:43","date_gmt":"2017-02-28T10:46:43","guid":{"rendered":"http:\/\/2017.lublin.wordcamp.org\/?page_id=397"},"modified":"2018-06-25T09:43:03","modified_gmt":"2018-06-25T07:43:03","slug":"czym-jest-contributor-day","status":"publish","type":"page","link":"https:\/\/poznan.wordcamp.org\/2018\/czym-jest-contributor-day\/","title":{"rendered":"Czym jest Contributor Day?"},"content":{"rendered":"<p>Wpadnij do Poznania ju\u017c w pi\u0105tek, 6 lipca 2018 r. i zacznij wsp\u00f3\u0142tworzy\u0107 WordPressa!<\/p>\n<p><img data-recalc-dims=\"1\" loading=\"lazy\" decoding=\"async\" data-attachment-id=\"2990\" data-permalink=\"https:\/\/poznan.wordcamp.org\/2018\/czym-jest-contributor-day\/contributor-day-lublin\/\" data-orig-file=\"https:\/\/i0.wp.com\/poznan.wordcamp.org\/2018\/files\/2018\/03\/contributor-day-lublin.jpg?fit=1200%2C900&amp;ssl=1\" data-orig-size=\"1200,900\" data-comments-opened=\"1\" data-image-meta=\"{&quot;aperture&quot;:&quot;0&quot;,&quot;credit&quot;:&quot;&quot;,&quot;camera&quot;:&quot;&quot;,&quot;caption&quot;:&quot;&quot;,&quot;created_timestamp&quot;:&quot;0&quot;,&quot;copyright&quot;:&quot;&quot;,&quot;focal_length&quot;:&quot;0&quot;,&quot;iso&quot;:&quot;0&quot;,&quot;shutter_speed&quot;:&quot;0&quot;,&quot;title&quot;:&quot;&quot;,&quot;orientation&quot;:&quot;0&quot;}\" data-image-title=\"contributor-day-lublin\" data-image-description=\"\" data-image-caption=\"\" data-medium-file=\"https:\/\/i0.wp.com\/poznan.wordcamp.org\/2018\/files\/2018\/03\/contributor-day-lublin.jpg?fit=300%2C225&amp;ssl=1\" data-large-file=\"https:\/\/i0.wp.com\/poznan.wordcamp.org\/2018\/files\/2018\/03\/contributor-day-lublin.jpg?fit=740%2C555&amp;ssl=1\" class=\"aligncenter size-full wp-image-2990\" src=\"https:\/\/i0.wp.com\/2018.poznan.wordcamp.org\/files\/2018\/03\/contributor-day-lublin.jpg?resize=740%2C555&#038;ssl=1\" alt=\"\" width=\"740\" height=\"555\" srcset=\"https:\/\/i0.wp.com\/poznan.wordcamp.org\/2018\/files\/2018\/03\/contributor-day-lublin.jpg?w=1200&amp;ssl=1 1200w, https:\/\/i0.wp.com\/poznan.wordcamp.org\/2018\/files\/2018\/03\/contributor-day-lublin.jpg?resize=300%2C225&amp;ssl=1 300w, https:\/\/i0.wp.com\/poznan.wordcamp.org\/2018\/files\/2018\/03\/contributor-day-lublin.jpg?resize=768%2C576&amp;ssl=1 768w, https:\/\/i0.wp.com\/poznan.wordcamp.org\/2018\/files\/2018\/03\/contributor-day-lublin.jpg?resize=1024%2C768&amp;ssl=1 1024w, https:\/\/i0.wp.com\/poznan.wordcamp.org\/2018\/files\/2018\/03\/contributor-day-lublin.jpg?resize=400%2C300&amp;ssl=1 400w\" sizes=\"auto, (max-width: 706px) 89vw, (max-width: 767px) 82vw, 740px\" \/><\/p>\n<h2>Na czym polega Contributor Day?<\/h2>\n<p>To wyj\u0105tkowe spotkanie, podczas kt\u00f3rego b\u0119dziesz mie\u0107 okazj\u0119 do\u0142\u0105czy\u0107 do grona ludzi tworz\u0105cych <a href=\"https:\/\/wordpress.org\">WordPressa<\/a> \u2013 otwartego systemu nap\u0119dzaj\u0105cego ponad <strong>30% wszystkich stron w internecie<\/strong>.<\/p>\n<p>Niezale\u017cnie od tego, czy zajmujesz si\u0119 programowaniem, projektowaniem, lubisz rozwi\u0105zywa\u0107 problemy innych u\u017cytkownik\u00f3w, wspiera\u0107 polsk\u0105 wersj\u0119 WordPressa, czy te\u017c rozwija\u0107 lokaln\u0105 spo\u0142eczno\u015b\u0107 \u2013 na pewno znajdziesz tu co\u015b dla siebie.<\/p>\n<p>Do\u015bwiadczone osoby pomog\u0105 Ci wybra\u0107 odpowiedni\u0105 tematyk\u0119 i pomog\u0105 postawi\u0107 pierwsze kroki przy rozwi\u0105zywaniu konkretnych zada\u0144.<\/p>\n<p>Zobacz rozmow\u0119 Magdy Paciorek z Marcinem Pietrzakiem na temat tego jak zosta\u0107 kontrybutorem do WordPressa i na czym polega Contributor Day.<\/p>\n<p><span class=\"embed-youtube\" style=\"text-align:center; display: block;\"><iframe loading=\"lazy\" class=\"youtube-player\" width=\"740\" height=\"417\" src=\"https:\/\/www.youtube.com\/embed\/3MgZOqfQQXk?version=3&#038;rel=1&#038;showsearch=0&#038;showinfo=1&#038;iv_load_policy=1&#038;fs=1&#038;hl=pl-PL&#038;autohide=2&#038;wmode=transparent\" allowfullscreen=\"true\" style=\"border:0;\" sandbox=\"allow-scripts allow-same-origin allow-popups allow-presentation allow-popups-to-escape-sandbox\"><\/iframe><\/span><\/p>\n<p>Oto szczeg\u00f3\u0142y tegorocznego Contributor Day:<\/p>\n<ul>\n<li>data: 6 lipca 2018 r. (pi\u0105tek)<\/li>\n<li>miejsce: <a href=\"https:\/\/2018.poznan.wordcamp.org\/lokalizacja\/\">Collegium Iuridicum Novum, Pozna\u0144<\/a><\/li>\n<li>godzina: 11-18<\/li>\n<\/ul>\n<p>Na spotkanie zaplanowali\u015bmy <strong>7 godzin, ale mo\u017cesz odwiedzi\u0107 nas w dowolnym momencie<\/strong>. Nie przejmuj si\u0119 je\u015bli nie uda Ci si\u0119 dotrze\u0107 na czas lub musisz wyj\u015b\u0107 wcze\u015bniej. Twoja obecno\u015b\u0107, nawet ta chwilowa, b\u0119dzie dla nas tak samo wa\u017cna!<\/p>\n<p><img data-recalc-dims=\"1\" loading=\"lazy\" decoding=\"async\" data-attachment-id=\"2994\" data-permalink=\"https:\/\/poznan.wordcamp.org\/2018\/czym-jest-contributor-day\/wc_lublin-contributor-day\/\" data-orig-file=\"https:\/\/i0.wp.com\/poznan.wordcamp.org\/2018\/files\/2018\/03\/wc_lublin-contributor-day.jpg?fit=1200%2C800&amp;ssl=1\" data-orig-size=\"1200,800\" data-comments-opened=\"1\" data-image-meta=\"{&quot;aperture&quot;:&quot;0&quot;,&quot;credit&quot;:&quot;1&quot;,&quot;camera&quot;:&quot;&quot;,&quot;caption&quot;:&quot;&quot;,&quot;created_timestamp&quot;:&quot;1496409259&quot;,&quot;copyright&quot;:&quot;&quot;,&quot;focal_length&quot;:&quot;0&quot;,&quot;iso&quot;:&quot;0&quot;,&quot;shutter_speed&quot;:&quot;0&quot;,&quot;title&quot;:&quot;&quot;,&quot;orientation&quot;:&quot;0&quot;}\" data-image-title=\"wc_lublin-contributor-day\" data-image-description=\"\" data-image-caption=\"\" data-medium-file=\"https:\/\/i0.wp.com\/poznan.wordcamp.org\/2018\/files\/2018\/03\/wc_lublin-contributor-day.jpg?fit=300%2C200&amp;ssl=1\" data-large-file=\"https:\/\/i0.wp.com\/poznan.wordcamp.org\/2018\/files\/2018\/03\/wc_lublin-contributor-day.jpg?fit=740%2C494&amp;ssl=1\" class=\"aligncenter wp-image-2994 size-full\" src=\"https:\/\/i0.wp.com\/2018.poznan.wordcamp.org\/files\/2018\/03\/wc_lublin-contributor-day.jpg?resize=740%2C493&#038;ssl=1\" alt=\"\" width=\"740\" height=\"493\" srcset=\"https:\/\/i0.wp.com\/poznan.wordcamp.org\/2018\/files\/2018\/03\/wc_lublin-contributor-day.jpg?w=1200&amp;ssl=1 1200w, https:\/\/i0.wp.com\/poznan.wordcamp.org\/2018\/files\/2018\/03\/wc_lublin-contributor-day.jpg?resize=300%2C200&amp;ssl=1 300w, https:\/\/i0.wp.com\/poznan.wordcamp.org\/2018\/files\/2018\/03\/wc_lublin-contributor-day.jpg?resize=768%2C512&amp;ssl=1 768w, https:\/\/i0.wp.com\/poznan.wordcamp.org\/2018\/files\/2018\/03\/wc_lublin-contributor-day.jpg?resize=1024%2C683&amp;ssl=1 1024w, https:\/\/i0.wp.com\/poznan.wordcamp.org\/2018\/files\/2018\/03\/wc_lublin-contributor-day.jpg?resize=450%2C300&amp;ssl=1 450w\" sizes=\"auto, (max-width: 706px) 89vw, (max-width: 767px) 82vw, 740px\" \/><\/p>\n<h2>Czym b\u0119dziemy si\u0119 zajmowa\u0107?<\/h2>\n<p><strong>Poprawki do WordPressa (Core) oraz opracowywanie dokumentacji (Documentation)<\/strong><\/p>\n<p style=\"padding-left: 30px\">G\u0142\u00f3wny zesp\u00f3\u0142 tworz\u0105cy WordPressa. Je\u017celi masz do\u015bwiadczenie w kodowaniu to chcieliby\u015bmy mie\u0107 Ciebie na pok\u0142adzie. Mo\u017cesz tworzy\u0107 nowy kod, poprawia\u0107 b\u0142\u0119dy, dyskutowa\u0107 nad mo\u017cliwo\u015bciami i pom\u00f3c w rozwoju. Bez dobrowolnego kontrybuowania do kodu, WordPress nie by\u0142by tam gdzie jest, powstaje i rozwija si\u0119 dzi\u0119ki osobom z ca\u0142ego \u015bwiata. W tym zespole r\u00f3wnie\u017c b\u0119d\u0105 prowadzone prace nad dokumentacj\u0105. Dobra dokumentacja pozwala ludziom szuka\u0107 rzetelnych informacji i ruszy\u0107 z miejsca, kiedy utkn\u0119li. Je\u017celi czujesz, \u017ce mo\u017cesz pom\u00f3c to zapraszamy do zespo\u0142u.<\/p>\n<p><strong>T\u0142umaczenia (Polyglots)<\/strong><\/p>\n<p style=\"padding-left: 30px\">WordPress jest u\u017cywany na ca\u0142ym \u015bwiecie w wielu r\u00f3\u017cnych j\u0119zykach. Je\u015bli jeste\u015b poliglot\u0105, pom\u00f3\u017c w t\u0142umaczeniu WordPressa na polski. Dzi\u0119ki twojemu zaanga\u017cowaniu wi\u0119cej os\u00f3b b\u0119dzie mog\u0142o z niego korzysta\u0107.<\/p>\n<p><strong>Weryfikacja motyw\u00f3w (Themes)<\/strong><\/p>\n<p style=\"padding-left: 30px\">Zesp\u00f3\u0142 recenzji motyw\u00f3w sprawdza i akceptuje wszystkie motywy przes\u0142ane do repozytorium WordPress Theme. Przegl\u0105danie obcych motyw\u00f3w zwi\u0119ksza twoje umiej\u0119tno\u015bci tworzenia w\u0142asnych motyw\u00f3w!<\/p>\n<p><strong>Dost\u0119pno\u015b\u0107 (Accessibility)<\/strong><\/p>\n<p style=\"padding-left: 30px\">Pami\u0119tajmy o osobach niepe\u0142nosprawnych. Nale\u017cy spe\u0142ni\u0107 pewne warunki, aby umo\u017cliwi\u0107 im poruszanie si\u0119 po witrynie opartej o WordPressa lub sprawi\u0107, \u017ce WordPress TV b\u0119dzie bardziej dost\u0119pny poprzez dodawanie napis\u00f3w. Co mo\u017cna poprawi\u0107 i jak propagowa\u0107 ide\u0119 dost\u0119pno\u015bci? W\u0142a\u015bnie nad tym zastanowi si\u0119 ten zesp\u00f3\u0142.<\/p>\n<p><strong>Praca na oficjalnym forum pomocy technicznej WordPress (Support)<\/strong><\/p>\n<p style=\"padding-left: 30px\">Masz ju\u017c do\u015bwiadczenie z WordPressem? Pami\u0119tasz kiedy ty zaczyna\u0142e\u015b lub natrafi\u0142e\u015b na powa\u017cny problem? Podziel si\u0119 swoj\u0105 wiedz\u0105. Odpowiadanie na pytania na forach wsparcia lub IRCu to jeden z najprostszych sposob\u00f3w na dodanie swojej cegie\u0142ki w spo\u0142eczno\u015bci WordPressa. Przecie\u017c ka\u017cdy zna odpowied\u017a na jakie\u015b pytania.<\/p>\n<p>Wi\u0119cej: <a href=\"https:\/\/make.wordpress.org\/\">https:\/\/make.wordpress.org\/<\/a><\/p>\n<p>Zapraszamy do zapis\u00f3w na Contributor Day.\u00a0 Zastrzegamy, \u017ce stworzenie danego zespo\u0142u zale\u017cy od ilo\u015bci ch\u0119tnych.<\/p>\n<p><a href=\"https:\/\/docs.google.com\/forms\/d\/e\/1FAIpQLScu053QE5_c1mKtAnHTTtivRZSynfAEGqLl-4dq0zCX3PYZKg\/viewform\" class=\"btn\">Formularz zg\u0142oszeniowy &#8211; Contributor Day<\/a><\/p>\n<p><img data-recalc-dims=\"1\" loading=\"lazy\" decoding=\"async\" data-attachment-id=\"2996\" data-permalink=\"https:\/\/poznan.wordcamp.org\/2018\/czym-jest-contributor-day\/cd-wc-lublin\/\" data-orig-file=\"https:\/\/i0.wp.com\/poznan.wordcamp.org\/2018\/files\/2018\/03\/cd-wc-lublin.jpg?fit=1200%2C800&amp;ssl=1\" data-orig-size=\"1200,800\" data-comments-opened=\"1\" data-image-meta=\"{&quot;aperture&quot;:&quot;0&quot;,&quot;credit&quot;:&quot;&quot;,&quot;camera&quot;:&quot;&quot;,&quot;caption&quot;:&quot;&quot;,&quot;created_timestamp&quot;:&quot;0&quot;,&quot;copyright&quot;:&quot;&quot;,&quot;focal_length&quot;:&quot;0&quot;,&quot;iso&quot;:&quot;0&quot;,&quot;shutter_speed&quot;:&quot;0&quot;,&quot;title&quot;:&quot;&quot;,&quot;orientation&quot;:&quot;0&quot;}\" data-image-title=\"cd-wc-lublin\" data-image-description=\"\" data-image-caption=\"\" data-medium-file=\"https:\/\/i0.wp.com\/poznan.wordcamp.org\/2018\/files\/2018\/03\/cd-wc-lublin.jpg?fit=300%2C200&amp;ssl=1\" data-large-file=\"https:\/\/i0.wp.com\/poznan.wordcamp.org\/2018\/files\/2018\/03\/cd-wc-lublin.jpg?fit=740%2C494&amp;ssl=1\" class=\"aligncenter wp-image-2996 size-full\" src=\"https:\/\/i0.wp.com\/2018.poznan.wordcamp.org\/files\/2018\/03\/cd-wc-lublin.jpg?resize=740%2C493&#038;ssl=1\" alt=\"\" width=\"740\" height=\"493\" srcset=\"https:\/\/i0.wp.com\/poznan.wordcamp.org\/2018\/files\/2018\/03\/cd-wc-lublin.jpg?w=1200&amp;ssl=1 1200w, https:\/\/i0.wp.com\/poznan.wordcamp.org\/2018\/files\/2018\/03\/cd-wc-lublin.jpg?resize=300%2C200&amp;ssl=1 300w, https:\/\/i0.wp.com\/poznan.wordcamp.org\/2018\/files\/2018\/03\/cd-wc-lublin.jpg?resize=768%2C512&amp;ssl=1 768w, https:\/\/i0.wp.com\/poznan.wordcamp.org\/2018\/files\/2018\/03\/cd-wc-lublin.jpg?resize=1024%2C683&amp;ssl=1 1024w, https:\/\/i0.wp.com\/poznan.wordcamp.org\/2018\/files\/2018\/03\/cd-wc-lublin.jpg?resize=450%2C300&amp;ssl=1 450w\" sizes=\"auto, (max-width: 706px) 89vw, (max-width: 767px) 82vw, 740px\" \/><\/p>\n<h2>Co b\u0119dzie potrzebne?<\/h2>\n<ul>\n<li>laptop<\/li>\n<li>konto na <a href=\"https:\/\/wordpress.org\">wordpress.org<\/a><\/li>\n<li>je\u015bli zamierzasz uczestniczy\u0107 w pracach nad kodem WordPressa (dotyczy tak\u017ce recenzji motyw\u00f3w) to b\u0119dziesz potrzebowa\u0107 te\u017c lokalnego serwera (np. XAMPP lub inne).<\/li>\n<\/ul>\n","protected":false},"excerpt":{"rendered":"<p>Wpadnij do Poznania ju\u017c w pi\u0105tek, 6 lipca 2018 r. i zacznij wsp\u00f3\u0142tworzy\u0107 WordPressa! Na czym polega Contributor Day? To wyj\u0105tkowe spotkanie, podczas kt\u00f3rego b\u0119dziesz mie\u0107 okazj\u0119 do\u0142\u0105czy\u0107 do grona ludzi tworz\u0105cych WordPressa \u2013 otwartego systemu nap\u0119dzaj\u0105cego ponad 30% wszystkich stron w internecie. Niezale\u017cnie od tego, czy zajmujesz si\u0119 programowaniem, projektowaniem, lubisz rozwi\u0105zywa\u0107 problemy innych &hellip; <\/p>\n<p class=\"link-more\"><a href=\"https:\/\/poznan.wordcamp.org\/2018\/czym-jest-contributor-day\/\" class=\"more-link\">Czytaj dalej<span class=\"screen-reader-text\"> \u201eCzym jest Contributor Day?\u201d<\/span><\/a><\/p>\n","protected":false},"author":15364636,"featured_media":0,"parent":0,"menu_order":0,"comment_status":"closed","ping_status":"closed","template":"","meta":{"jetpack_post_was_ever_published":false,"footnotes":""},"class_list":["post-397","page","type-page","status-publish","hentry"],"jetpack_sharing_enabled":true,"jetpack_shortlink":"https:\/\/wp.me\/P9jHCf-6p","_links":{"self":[{"href":"https:\/\/poznan.wordcamp.org\/2018\/wp-json\/wp\/v2\/pages\/397","targetHints":{"allow":["GET"]}}],"collection":[{"href":"https:\/\/poznan.wordcamp.org\/2018\/wp-json\/wp\/v2\/pages"}],"about":[{"href":"https:\/\/poznan.wordcamp.org\/2018\/wp-json\/wp\/v2\/types\/page"}],"author":[{"embeddable":true,"href":"https:\/\/poznan.wordcamp.org\/2018\/wp-json\/wp\/v2\/users\/15364636"}],"replies":[{"embeddable":true,"href":"https:\/\/poznan.wordcamp.org\/2018\/wp-json\/wp\/v2\/comments?post=397"}],"version-history":[{"count":17,"href":"https:\/\/poznan.wordcamp.org\/2018\/wp-json\/wp\/v2\/pages\/397\/revisions"}],"predecessor-version":[{"id":4419,"href":"https:\/\/poznan.wordcamp.org\/2018\/wp-json\/wp\/v2\/pages\/397\/revisions\/4419"}],"wp:attachment":[{"href":"https:\/\/poznan.wordcamp.org\/2018\/wp-json\/wp\/v2\/media?parent=397"}],"curies":[{"name":"wp","href":"https:\/\/api.w.org\/{rel}","templated":true}]}}