{"id":3315,"date":"2018-03-27T19:39:50","date_gmt":"2018-03-27T17:39:50","guid":{"rendered":"https:\/\/2018.poznan.wordcamp.org\/?page_id=3315"},"modified":"2018-07-02T12:48:45","modified_gmt":"2018-07-02T10:48:45","slug":"noclegi","status":"publish","type":"page","link":"https:\/\/poznan.wordcamp.org\/2018\/noclegi\/","title":{"rendered":"Noclegi"},"content":{"rendered":"<p><strong>AKTUALIZACJA 02-07-2018 &#8211; BRAK MIEJSC W AKADEMIKU POLONEZ!<\/strong><\/p>\n<p>Je\u015bli szukacie niedrogiego noclegu w pobli\u017cu miejsca konferencji to polecamy prywatny akademik Polonez (Student Depot), kt\u00f3ry przygotowa\u0142 dla nas specjaln\u0105 ofert\u0119.<\/p>\n<p>Akademik znajduje si\u0119 ok. 50 m od miejsca konferencji, wystarczy przej\u015b\u0107 przez ulic\u0119 i ju\u017c jeste\u015bmy \ud83d\ude42<\/p>\n<p><img data-recalc-dims=\"1\" loading=\"lazy\" decoding=\"async\" data-attachment-id=\"3316\" data-permalink=\"https:\/\/poznan.wordcamp.org\/2018\/noclegi\/student-depot\/\" data-orig-file=\"https:\/\/i0.wp.com\/poznan.wordcamp.org\/2018\/files\/2018\/03\/student-depot.jpg?fit=628%2C422&amp;ssl=1\" data-orig-size=\"628,422\" data-comments-opened=\"1\" data-image-meta=\"{&quot;aperture&quot;:&quot;0&quot;,&quot;credit&quot;:&quot;&quot;,&quot;camera&quot;:&quot;&quot;,&quot;caption&quot;:&quot;&quot;,&quot;created_timestamp&quot;:&quot;0&quot;,&quot;copyright&quot;:&quot;&quot;,&quot;focal_length&quot;:&quot;0&quot;,&quot;iso&quot;:&quot;0&quot;,&quot;shutter_speed&quot;:&quot;0&quot;,&quot;title&quot;:&quot;&quot;,&quot;orientation&quot;:&quot;0&quot;}\" data-image-title=\"student-depot\" data-image-description=\"\" data-image-caption=\"\" data-medium-file=\"https:\/\/i0.wp.com\/poznan.wordcamp.org\/2018\/files\/2018\/03\/student-depot.jpg?fit=300%2C202&amp;ssl=1\" data-large-file=\"https:\/\/i0.wp.com\/poznan.wordcamp.org\/2018\/files\/2018\/03\/student-depot.jpg?fit=628%2C422&amp;ssl=1\" class=\"aligncenter size-full wp-image-3316\" src=\"https:\/\/i0.wp.com\/2018.poznan.wordcamp.org\/files\/2018\/03\/student-depot.jpg?resize=628%2C422&#038;ssl=1\" alt=\"\" width=\"628\" height=\"422\" srcset=\"https:\/\/i0.wp.com\/poznan.wordcamp.org\/2018\/files\/2018\/03\/student-depot.jpg?w=628&amp;ssl=1 628w, https:\/\/i0.wp.com\/poznan.wordcamp.org\/2018\/files\/2018\/03\/student-depot.jpg?resize=300%2C202&amp;ssl=1 300w, https:\/\/i0.wp.com\/poznan.wordcamp.org\/2018\/files\/2018\/03\/student-depot.jpg?resize=446%2C300&amp;ssl=1 446w\" sizes=\"auto, (max-width: 628px) 100vw, 628px\" \/><\/p>\n<h3><strong>Jakie ceny?<\/strong><\/h3>\n<p>Dla WordCampowicz\u00f3w pokoje s\u0105 w cenie:<\/p>\n<ul>\n<li>pok\u00f3j 1-os z \u0142azienk\u0105 &#8211; 80 z\u0142\/ doba<\/li>\n<li>pok\u00f3j 2-os z \u0142azienk\u0105 &#8211; 115 z\u0142\/ doba<\/li>\n<\/ul>\n<h3><strong>Jak zarezerwowa\u0107?<\/strong><\/h3>\n<p>Pokoje b\u0119d\u0105 wypuszczane pulami na portalu <a href=\"https:\/\/www.booking.com\/hotel\/pl\/polonez-hostel-student-depot.pl.html\" target=\"_blank\" rel=\"noopener\">booking.com<\/a>. Je\u015bli w danym momencie \u017caden pok\u00f3j nie jest dost\u0119pny to wr\u00f3\u0107 na stron\u0119 <a href=\"https:\/\/www.booking.com\/hotel\/pl\/polonez-hostel-student-depot.pl.html\" target=\"_blank\" rel=\"noopener\">booking<\/a> za kilka dni. Akademik b\u0119dzie wypuszcza\u0107 kolejne pule pokoi co jaki\u015b czas, w miar\u0119 otrzymywania od student\u00f3w informacji o wyprowadzce na czas wakacji. Pokoi powinno wystarczy\u0107 dla wi\u0119kszo\u015bci uczestnik\u00f3w, jednak je\u015bli chcesz sobie zagwarantowa\u0107 miejsce, dokonaj rezerwacji je\u015bli widzisz, \u017ce pokoje s\u0105 w danym momencie dost\u0119pne.<\/p>\n<p><a href=\"https:\/\/www.booking.com\/hotel\/pl\/polonez-hostel-student-depot.pl.html\" target=\"_blank\" rel=\"noopener\">Wejd\u017a na booking.com i sprawd\u017a dost\u0119pno\u015b\u0107 pokoi\u00a0\u00bb<\/a><\/p>\n<p><img data-recalc-dims=\"1\" loading=\"lazy\" decoding=\"async\" data-attachment-id=\"3317\" data-permalink=\"https:\/\/poznan.wordcamp.org\/2018\/noclegi\/000160photo\/\" data-orig-file=\"https:\/\/i0.wp.com\/poznan.wordcamp.org\/2018\/files\/2018\/03\/000160photo.jpeg?fit=945%2C630&amp;ssl=1\" data-orig-size=\"945,630\" data-comments-opened=\"1\" data-image-meta=\"{&quot;aperture&quot;:&quot;0&quot;,&quot;credit&quot;:&quot;&quot;,&quot;camera&quot;:&quot;&quot;,&quot;caption&quot;:&quot;&quot;,&quot;created_timestamp&quot;:&quot;0&quot;,&quot;copyright&quot;:&quot;&quot;,&quot;focal_length&quot;:&quot;0&quot;,&quot;iso&quot;:&quot;0&quot;,&quot;shutter_speed&quot;:&quot;0&quot;,&quot;title&quot;:&quot;&quot;,&quot;orientation&quot;:&quot;0&quot;}\" data-image-title=\"000160photo\" data-image-description=\"\" data-image-caption=\"\" data-medium-file=\"https:\/\/i0.wp.com\/poznan.wordcamp.org\/2018\/files\/2018\/03\/000160photo.jpeg?fit=300%2C200&amp;ssl=1\" data-large-file=\"https:\/\/i0.wp.com\/poznan.wordcamp.org\/2018\/files\/2018\/03\/000160photo.jpeg?fit=740%2C493&amp;ssl=1\" class=\"aligncenter size-full wp-image-3317\" src=\"https:\/\/i0.wp.com\/2018.poznan.wordcamp.org\/files\/2018\/03\/000160photo.jpeg?resize=740%2C493&#038;ssl=1\" alt=\"\" width=\"740\" height=\"493\" srcset=\"https:\/\/i0.wp.com\/poznan.wordcamp.org\/2018\/files\/2018\/03\/000160photo.jpeg?w=945&amp;ssl=1 945w, https:\/\/i0.wp.com\/poznan.wordcamp.org\/2018\/files\/2018\/03\/000160photo.jpeg?resize=300%2C200&amp;ssl=1 300w, https:\/\/i0.wp.com\/poznan.wordcamp.org\/2018\/files\/2018\/03\/000160photo.jpeg?resize=768%2C512&amp;ssl=1 768w, https:\/\/i0.wp.com\/poznan.wordcamp.org\/2018\/files\/2018\/03\/000160photo.jpeg?resize=450%2C300&amp;ssl=1 450w\" sizes=\"auto, (max-width: 706px) 89vw, (max-width: 767px) 82vw, 740px\" \/><\/p>\n<h3><strong>Jakich warunk\u00f3w si\u0119 spodziewa\u0107?<\/strong><\/h3>\n<p>Nale\u017cy pami\u0119ta\u0107, \u017ce jest to akademik, tak\u017ce nie nale\u017cy oczekiwa\u0107 warunk\u00f3w hotelowych. Akademik posiada na bookingu rating 6,6. Jednak jego po\u0142o\u017cenie i cena s\u0105 bardzo atrakcyjne.<\/p>\n<p>Polecamy obejrze\u0107 video z naszej wizyty w akademiku:<\/p>\n<span class=\"embed-youtube\" style=\"text-align:center; display: block;\"><iframe loading=\"lazy\" class=\"youtube-player\" width=\"560\" height=\"315\" src=\"https:\/\/www.youtube.com\/embed\/YK-Zj7dYWSg?version=3&#038;rel=1&#038;showsearch=0&#038;showinfo=1&#038;iv_load_policy=1&#038;fs=1&#038;hl=pl-PL&#038;autohide=2&#038;start=120&#038;wmode=transparent\" allowfullscreen=\"true\" style=\"border:0;\" sandbox=\"allow-scripts allow-same-origin allow-popups allow-presentation allow-popups-to-escape-sandbox\"><\/iframe><\/span>\n<p><strong>Uwaga<\/strong>: w pokoju b\u0119dzie dost\u0119pna po\u015bciel, ko\u0142dry itp, jednak b\u0119dzie trzeba samodzielnie po\u015bcieli\u0107 \u0142\u00f3\u017cko.<\/p>\n<p><img data-recalc-dims=\"1\" loading=\"lazy\" decoding=\"async\" data-attachment-id=\"3318\" data-permalink=\"https:\/\/poznan.wordcamp.org\/2018\/noclegi\/attachment\/112281265\/\" data-orig-file=\"https:\/\/i0.wp.com\/poznan.wordcamp.org\/2018\/files\/2018\/03\/112281265.jpg?fit=1024%2C698&amp;ssl=1\" data-orig-size=\"1024,698\" data-comments-opened=\"1\" data-image-meta=\"{&quot;aperture&quot;:&quot;0&quot;,&quot;credit&quot;:&quot;&quot;,&quot;camera&quot;:&quot;&quot;,&quot;caption&quot;:&quot;&quot;,&quot;created_timestamp&quot;:&quot;0&quot;,&quot;copyright&quot;:&quot;&quot;,&quot;focal_length&quot;:&quot;0&quot;,&quot;iso&quot;:&quot;0&quot;,&quot;shutter_speed&quot;:&quot;0&quot;,&quot;title&quot;:&quot;&quot;,&quot;orientation&quot;:&quot;0&quot;}\" data-image-title=\"112281265\" data-image-description=\"\" data-image-caption=\"\" data-medium-file=\"https:\/\/i0.wp.com\/poznan.wordcamp.org\/2018\/files\/2018\/03\/112281265.jpg?fit=300%2C204&amp;ssl=1\" data-large-file=\"https:\/\/i0.wp.com\/poznan.wordcamp.org\/2018\/files\/2018\/03\/112281265.jpg?fit=740%2C504&amp;ssl=1\" class=\"aligncenter size-full wp-image-3318\" src=\"https:\/\/i0.wp.com\/2018.poznan.wordcamp.org\/files\/2018\/03\/112281265.jpg?resize=740%2C504&#038;ssl=1\" alt=\"\" width=\"740\" height=\"504\" srcset=\"https:\/\/i0.wp.com\/poznan.wordcamp.org\/2018\/files\/2018\/03\/112281265.jpg?w=1024&amp;ssl=1 1024w, https:\/\/i0.wp.com\/poznan.wordcamp.org\/2018\/files\/2018\/03\/112281265.jpg?resize=300%2C204&amp;ssl=1 300w, https:\/\/i0.wp.com\/poznan.wordcamp.org\/2018\/files\/2018\/03\/112281265.jpg?resize=768%2C524&amp;ssl=1 768w, https:\/\/i0.wp.com\/poznan.wordcamp.org\/2018\/files\/2018\/03\/112281265.jpg?resize=440%2C300&amp;ssl=1 440w\" sizes=\"auto, (max-width: 706px) 89vw, (max-width: 767px) 82vw, 740px\" \/><\/p>\n<h3><strong>Faktury<\/strong><\/h3>\n<p>Akademik mo\u017ce wystawi\u0107 faktur\u0119, <strong>b\u0119dzie j\u0105 wysy\u0142a\u0107 do ko\u0144ca lipca 2018<\/strong> do os\u00f3b\/ firm, kt\u00f3re wcze\u015bniej zg\u0142osz\u0105 potrzeb\u0119 jej otrzymania.<\/p>\n","protected":false},"excerpt":{"rendered":"<p>AKTUALIZACJA 02-07-2018 &#8211; BRAK MIEJSC W AKADEMIKU POLONEZ! Je\u015bli szukacie niedrogiego noclegu w pobli\u017cu miejsca konferencji to polecamy prywatny akademik Polonez (Student Depot), kt\u00f3ry przygotowa\u0142 dla nas specjaln\u0105 ofert\u0119. Akademik znajduje si\u0119 ok. 50 m od miejsca konferencji, wystarczy przej\u015b\u0107 przez ulic\u0119 i ju\u017c jeste\u015bmy \ud83d\ude42 Jakie ceny? Dla WordCampowicz\u00f3w pokoje s\u0105 w cenie: pok\u00f3j &hellip; <\/p>\n<p class=\"link-more\"><a href=\"https:\/\/poznan.wordcamp.org\/2018\/noclegi\/\" class=\"more-link\">Czytaj dalej<span class=\"screen-reader-text\"> \u201eNoclegi\u201d<\/span><\/a><\/p>\n","protected":false},"author":14992222,"featured_media":0,"parent":0,"menu_order":0,"comment_status":"closed","ping_status":"closed","template":"","meta":{"jetpack_post_was_ever_published":false,"footnotes":""},"class_list":["post-3315","page","type-page","status-publish","hentry"],"jetpack_sharing_enabled":true,"jetpack_shortlink":"https:\/\/wp.me\/P9jHCf-Rt","_links":{"self":[{"href":"https:\/\/poznan.wordcamp.org\/2018\/wp-json\/wp\/v2\/pages\/3315","targetHints":{"allow":["GET"]}}],"collection":[{"href":"https:\/\/poznan.wordcamp.org\/2018\/wp-json\/wp\/v2\/pages"}],"about":[{"href":"https:\/\/poznan.wordcamp.org\/2018\/wp-json\/wp\/v2\/types\/page"}],"author":[{"embeddable":true,"href":"https:\/\/poznan.wordcamp.org\/2018\/wp-json\/wp\/v2\/users\/14992222"}],"replies":[{"embeddable":true,"href":"https:\/\/poznan.wordcamp.org\/2018\/wp-json\/wp\/v2\/comments?post=3315"}],"version-history":[{"count":9,"href":"https:\/\/poznan.wordcamp.org\/2018\/wp-json\/wp\/v2\/pages\/3315\/revisions"}],"predecessor-version":[{"id":4571,"href":"https:\/\/poznan.wordcamp.org\/2018\/wp-json\/wp\/v2\/pages\/3315\/revisions\/4571"}],"wp:attachment":[{"href":"https:\/\/poznan.wordcamp.org\/2018\/wp-json\/wp\/v2\/media?parent=3315"}],"curies":[{"name":"wp","href":"https:\/\/api.w.org\/{rel}","templated":true}]}}