{"id":2867,"date":"2017-06-10T16:18:38","date_gmt":"2017-06-10T14:18:38","guid":{"rendered":"http:\/\/2017.lublin.wordcamp.org\/?page_id=2867"},"modified":"2018-07-03T16:06:05","modified_gmt":"2018-07-03T14:06:05","slug":"partnerzy","status":"publish","type":"page","link":"https:\/\/poznan.wordcamp.org\/2018\/partnerzy\/","title":{"rendered":"Partnerzy"},"content":{"rendered":"<div class=\"row\">\n<div class=\"col-md-4\"><a href=\"https:\/\/www.wpart.pl\/\" target=\"_blank\" rel=\"noopener\"><img data-recalc-dims=\"1\" decoding=\"async\" class=\"alignnone\" src=\"https:\/\/i0.wp.com\/2018.poznan.wordcamp.org\/files\/2018\/04\/wpart-ciemne.png?w=740&#038;ssl=1\" \/><\/a><\/div>\n<div class=\"col-md-8\"><a href=\"https:\/\/www.wpart.pl\" target=\"_blank\" rel=\"noopener\">WPART<\/a> to jeden z najstarszych blog\u00f3w o WordPressie w Polsce. Znajdziesz na nim szerok\u0105 gam\u0119 informacji, pocz\u0105wszy od SEO dla pocz\u0105tkuj\u0105cych po rozwi\u0105zania technicznych problem\u00f3w. WPART na pocz\u0105tku by\u0142 piaskownic\u0105 autora, a po kr\u00f3tkim czasie sta\u0142 si\u0119 katapult\u0105 kariery programistycznej, kt\u00f3ra zaowocowa\u0142a wieloma produktami oraz firm\u0105 \u015bwiadcz\u0105c\u0105 us\u0142ugi WordPress.<\/div>\n<\/div>\n<div class=\"row\">\n<div class=\"col-md-4\"><a href=\"https:\/\/webinsider.pl\/\" target=\"_blank\" rel=\"noopener\"><img data-recalc-dims=\"1\" decoding=\"async\" class=\"alignnone\" src=\"https:\/\/i0.wp.com\/2018.poznan.wordcamp.org\/files\/2018\/04\/webinsider-logo.jpg?w=740&#038;ssl=1\" \/><\/a><\/div>\n<div class=\"col-md-8\"><a href=\"https:\/\/webinsider.pl\/\" target=\"_blank\" rel=\"noopener\">WebInsider.pl<\/a> to serwis, kt\u00f3ry powsta\u0142 z pasji odkrywania jak funkcjonuje \u015bwiat wirtualny&#8230; a czasem r\u00f3wnie\u017c realny. WordPress to nie tylko nasza praca, ale i pasja. Dlatego cz\u0119sto pojawia on si\u0119 w naszych artyku\u0142ach, w kt\u00f3rych znajdziecie zar\u00f3wno l\u017cejsze, bardziej og\u00f3lne tematy, jak i takie bardziej zaawansowane&#8230; Zwykle orientujemy si\u0119 w tym, co w WordPressie piszczy i nie boimy si\u0119 dzieli\u0107 wiedz\u0105 oraz pogl\u0105dami na tematy z nim zwi\u0105zane.<\/div>\n<\/div>\n<div class=\"row\">\n<div class=\"col-md-4\"><a href=\"https:\/\/dailyweb.pl\/\" target=\"_blank\" rel=\"noopener\"><img data-recalc-dims=\"1\" decoding=\"async\" class=\"alignnone\" src=\"https:\/\/i0.wp.com\/2018.poznan.wordcamp.org\/files\/2018\/04\/dailyweb-rgb-black.png?w=740&#038;ssl=1\" \/><\/a><\/div>\n<div class=\"col-md-8\"><a href=\"https:\/\/dailyweb.pl\" target=\"_blank\" rel=\"noopener\">Dailyweb<\/a> &#8211; Piszemy o \u015bwiecie internetu, w postaci nowego marketingu, designu, szeroko poj\u0119tym UX, wszystkim czym \u017cyje cz\u0142owiek Internetu. Ponadto \u015bledzimy wszystkie Geekowe gad\u017cety, bo \u015bwiat technologii to nasz \u015bwiat. Mimo, \u017ce ka\u017cdy z nas po\u015bwi\u0119ca si\u0119 pracy zawodowej, udaje nam si\u0119 po\u0142\u0105czy\u0107 oba \u015bwiaty i tworzy\u0107 aktualny kszta\u0142t DailyWeb.<\/div>\n<\/div>\n<div class=\"row\">\n<div class=\"col-md-4\"><a href=\"https:\/\/thecamels.org\/pl\/\" target=\"_blank\" rel=\"noopener\"><img data-recalc-dims=\"1\" decoding=\"async\" class=\"alignnone\" src=\"https:\/\/i0.wp.com\/2018.poznan.wordcamp.org\/files\/2018\/04\/TC-logo-nowe.png?w=740&#038;ssl=1\" \/><\/a><\/div>\n<div class=\"col-md-8\"><a href=\"https:\/\/thecamels.org\/pl\/\" target=\"_blank\" rel=\"noopener\">The Camels<\/a> to twoi administratorzy serwer\u00f3w i hostingu. Rozwi\u0105zujemy problemy zanim si\u0119 pojawi\u0105 oraz zajmujemy si\u0119 wszystkimi technicznymi sprawami za ciebie. Nasz hosting to zawsze najnowsze PHP, dyski SSD, darmowy SSL oraz szybka pomoc techniczna. Oferujemy kompleksowe i bezp\u0142atne migracje us\u0142ug do nas.<\/div>\n<\/div>\n<div class=\"row\">\n<div class=\"col-md-4\"><a href=\"https:\/\/www.spidersweb.pl\/\" target=\"_blank\" rel=\"noopener\"><img data-recalc-dims=\"1\" decoding=\"async\" class=\"alignnone\" src=\"https:\/\/i0.wp.com\/2018.poznan.wordcamp.org\/files\/2018\/05\/spidersweb-logo.png?w=740&#038;ssl=1\" \/><\/a><\/div>\n<div class=\"col-md-8\">\n<p><a href=\"https:\/\/www.spidersweb.pl\/\" target=\"_blank\" rel=\"noopener\">Spider\u2019s Web<\/a> to najwi\u0119kszy, niezale\u017cny technologiczno-lifestyle\u2019owy blog w Polsce. To tak\u017ce jedno z najwi\u0119kszych medi\u00f3w na \u015bwiecie z dum\u0105 korzystaj\u0105cych z WordPressa.<\/p>\n<p>Kilkunastu bloger\u00f3w regularnie tworzy felietony, opiniotw\u00f3rcze teksty, t\u0142umaczy zagadnienia ze \u015bwiata nauki i doradza w zakupach elektroniki.<\/p>\n<p>Poza redakcj\u0105, wsparcia grupie Spider\u2019s Web udziela agencja <a href=\"https:\/\/spiders.agency\/\" target=\"_blank\" rel=\"noopener\">Spiders.Agency<\/a> stworzona w ramach jej struktur. Agencja buduje strony internetowe, wspiera klient\u00f3w korzystaj\u0105cych z WordPressa, stawiaj\u0105c przy tym na jako\u015b\u0107 realizowanych zlece\u0144.<\/p>\n<\/div>\n<\/div>\n<div class=\"row\">\n<div class=\"col-md-4\"><a href=\"https:\/\/wpshoutout.com\" target=\"_blank\" rel=\"noopener\"><img data-recalc-dims=\"1\" decoding=\"async\" class=\"alignnone\" src=\"https:\/\/i0.wp.com\/2018.poznan.wordcamp.org\/files\/2018\/07\/FireMud-FM-with-Name.png?w=740&#038;ssl=1\" \/><\/a><\/div>\n<div class=\"col-md-8\">\n<p><a href=\"https:\/\/firemudfm.com\" target=\"_blank\">FireMud FM<\/a> (<a href=\"https:\/\/firemudfm.com\" target=\"_blank\">https:\/\/firemudfm.com<\/a>) is an Online Radio Station cum music portal that proudly functions through a website based on WordPress. Having being a part of this community we decided to take any chance we could to return back to whatever we learnt. As a result we came up with an online radio show called <a href=\"https:\/\/wpshoutout.com\" target=\"_blank\">WP Shoutout<\/a> (<a href=\"https:\/\/wpshoutout.com\" target=\"_blank\">https:\/\/wpshoutout.com<\/a>) which consists of various coverages of WordCamps across the globe and interviews of speakers and the wonderful teams that helps build the event, with over 1 lac listener across the globe every month, we believe we can contribute to the society in this innovative way and be a part of something so amazing. We are always looking out for Shouters, come be a part.<\/p>\n<\/div>\n<\/div>\n","protected":false},"excerpt":{"rendered":"<p>WPART to jeden z najstarszych blog\u00f3w o WordPressie w Polsce. Znajdziesz na nim szerok\u0105 gam\u0119 informacji, pocz\u0105wszy od SEO dla pocz\u0105tkuj\u0105cych po rozwi\u0105zania technicznych problem\u00f3w. WPART na pocz\u0105tku by\u0142 piaskownic\u0105 autora, a po kr\u00f3tkim czasie sta\u0142 si\u0119 katapult\u0105 kariery programistycznej, kt\u00f3ra zaowocowa\u0142a wieloma produktami oraz firm\u0105 \u015bwiadcz\u0105c\u0105 us\u0142ugi WordPress. WebInsider.pl to serwis, kt\u00f3ry powsta\u0142 z &hellip; <\/p>\n<p class=\"link-more\"><a href=\"https:\/\/poznan.wordcamp.org\/2018\/partnerzy\/\" class=\"more-link\">Czytaj dalej<span class=\"screen-reader-text\"> \u201ePartnerzy\u201d<\/span><\/a><\/p>\n","protected":false},"author":15364636,"featured_media":0,"parent":0,"menu_order":0,"comment_status":"closed","ping_status":"closed","template":"","meta":{"jetpack_post_was_ever_published":false,"footnotes":""},"class_list":["post-2867","page","type-page","status-publish","hentry"],"jetpack_sharing_enabled":true,"jetpack_shortlink":"https:\/\/wp.me\/P9jHCf-Kf","_links":{"self":[{"href":"https:\/\/poznan.wordcamp.org\/2018\/wp-json\/wp\/v2\/pages\/2867","targetHints":{"allow":["GET"]}}],"collection":[{"href":"https:\/\/poznan.wordcamp.org\/2018\/wp-json\/wp\/v2\/pages"}],"about":[{"href":"https:\/\/poznan.wordcamp.org\/2018\/wp-json\/wp\/v2\/types\/page"}],"author":[{"embeddable":true,"href":"https:\/\/poznan.wordcamp.org\/2018\/wp-json\/wp\/v2\/users\/15364636"}],"replies":[{"embeddable":true,"href":"https:\/\/poznan.wordcamp.org\/2018\/wp-json\/wp\/v2\/comments?post=2867"}],"version-history":[{"count":16,"href":"https:\/\/poznan.wordcamp.org\/2018\/wp-json\/wp\/v2\/pages\/2867\/revisions"}],"predecessor-version":[{"id":4609,"href":"https:\/\/poznan.wordcamp.org\/2018\/wp-json\/wp\/v2\/pages\/2867\/revisions\/4609"}],"wp:attachment":[{"href":"https:\/\/poznan.wordcamp.org\/2018\/wp-json\/wp\/v2\/media?parent=2867"}],"curies":[{"name":"wp","href":"https:\/\/api.w.org\/{rel}","templated":true}]}}