{"id":116,"date":"2017-02-04T21:55:46","date_gmt":"2017-02-04T20:55:46","guid":{"rendered":"http:\/\/2017.lublin.wordcamp.org\/?page_id=116"},"modified":"2018-07-25T06:44:38","modified_gmt":"2018-07-25T04:44:38","slug":"organizatorzy","status":"publish","type":"page","link":"https:\/\/poznan.wordcamp.org\/2018\/organizatorzy\/","title":{"rendered":"Organizatorzy"},"content":{"rendered":"<h2>Koordynator<\/h2>\n<hr \/>\n\t<div class=\"wcorg-organizers\">\n\n\t\t\n\t\t\t<div class=\"wcorg-organizer\">\n\t\t\t\t<h2>Magdalena Paciorek<\/h2>\n\t\t\t\t<div class=\"wcorg-organizer-description\">\n\t\t\t\t\t\t\t\t\t\t<img alt='' src='https:\/\/secure.gravatar.com\/avatar\/43dacba6ead4e05bdfa29c0a3b0247ed3f2f031c1572eae667387eb56b6e7089?s=96&#038;d=mm&#038;r=g' srcset='https:\/\/secure.gravatar.com\/avatar\/43dacba6ead4e05bdfa29c0a3b0247ed3f2f031c1572eae667387eb56b6e7089?s=192&#038;d=mm&#038;r=g 2x' class='avatar avatar-96 photo' height='96' width='96' \/>\t\t\t\t\t<p>Od 4 lat freelancerka WordPress. Na pierwszego WordCampa wybra\u0142a si\u0119 w 2014 roku do Warszawy. Od 2 lat mocno zaanga\u017cowana w spo\u0142eczno\u015b\u0107 WordPressa. Wsp\u00f3\u0142organizatorka WordUp Pozna\u0144 \u2013 lokalnych spotka\u0144 mi\u0142o\u015bnik\u00f3w WordPressa, wyst\u0119puje te\u017c czasem w roli prelegentki na r\u00f3\u017cnych meetupach.<\/p>\n\t\t\t\t<\/div>\n\t\t\t<\/div>\n\n\t\t\n\t<\/div><!-- .wcorg-organizers -->\n\t\n<h2>Organizatorzy<\/h2>\n<hr \/>\n\t<div class=\"wcorg-organizers\">\n\n\t\t\n\t\t\t<div class=\"wcorg-organizer\">\n\t\t\t\t<h2>Katarzyna Sta\u0144ko<\/h2>\n\t\t\t\t<div class=\"wcorg-organizer-description\">\n\t\t\t\t\t\t\t\t\t\t<img alt='' src='https:\/\/secure.gravatar.com\/avatar\/216b487d35b501f5d6723252b183b4f9cf674e12254d07bc340e4c9c242fb3c1?s=96&#038;d=mm&#038;r=g' srcset='https:\/\/secure.gravatar.com\/avatar\/216b487d35b501f5d6723252b183b4f9cf674e12254d07bc340e4c9c242fb3c1?s=192&#038;d=mm&#038;r=g 2x' class='avatar avatar-96 photo' height='96' width='96' \/>\t\t\t\t\t<p>Autorka bloga Kasia Gosposia &#8211; Leniwa Pani Domu (<a href=\"http:\/\/www.kasiagosposia.p\">www.kasiagosposia.pl<\/a>). Na swoim blogu pokazuje, \u017ce perfekcyjno\u015b\u0107 jest przereklamowana i nie warto traci\u0107 \u017cycia na codzienne bieganie ze \u015bcierk\u0105 i czyszczeniu ka\u017cdej powierzchni w domu. Zaoszcz\u0119dzony na sprz\u0105taniu czas po\u015bwi\u0119ca swojej rodzinie oraz realizacji swoich pasji &#8211; szyde\u0142kowaniu i haftowaniu. Opr\u00f3cz tego jest mi\u0142o\u015bniczk\u0105 polskiego folkloru i uwielbia pomaga\u0107 przy organizacji event\u00f3w.<\/p>\n\t\t\t\t<\/div>\n\t\t\t<\/div>\n\n\t\t\n\t\t\t<div class=\"wcorg-organizer\">\n\t\t\t\t<h2>Ola Go\u015bciniak<\/h2>\n\t\t\t\t<div class=\"wcorg-organizer-description\">\n\t\t\t\t\t\t\t\t\t\t<img alt='' src='https:\/\/secure.gravatar.com\/avatar\/f2402d38b8aa5c543105ae9f41008d327142798f8298053fb03970b23d38093c?s=96&#038;d=mm&#038;r=g' srcset='https:\/\/secure.gravatar.com\/avatar\/f2402d38b8aa5c543105ae9f41008d327142798f8298053fb03970b23d38093c?s=192&#038;d=mm&#038;r=g 2x' class='avatar avatar-96 photo' height='96' width='96' \/>\t\t\t\t\t<p>Ola Go\u015bciniak rozwija bloga Jestem Interaktywna\u00a0<a href=\"http:\/\/olagosciniak.pl\/\">olagosciniak.pl<\/a>\u00a0oraz grup\u0119 na FB <a href=\"http:\/\/olag.pl\/grupa-fb\">Jeste\u015bmy Interaktywne<\/a>. Pomaga kobietom w tworzeniu swojego bloga, biznesu online oraz strony WWW prowadz\u0105c kursy, webinary oraz live\u2019y. Wyst\u0119powa\u0142a na r\u00f3\u017cnych konferencjach m.in. I &lt;3 Marketing, Blog Conference Pozna\u0144, WordCamp. Finalistka konkursu Sukces Pisany Szmink\u0105 Businesswoman roku w kategorii Influencerka Roku 2017 oraz wyr\u00f3\u017cniona przez JasonHunt w rankingu TOP30 wp\u0142ywowych bloger\u00f3w.<\/p>\n\t\t\t\t<\/div>\n\t\t\t<\/div>\n\n\t\t\n\t\t\t<div class=\"wcorg-organizer\">\n\t\t\t\t<h2>Katarzyna Gajewska<\/h2>\n\t\t\t\t<div class=\"wcorg-organizer-description\">\n\t\t\t\t\t\t\t\t\t\t<img alt='' src='https:\/\/secure.gravatar.com\/avatar\/dfd93f238ac240412a073bcfa382754e1511fc4f09aa623817d2a6a74dc71d7f?s=96&#038;d=mm&#038;r=g' srcset='https:\/\/secure.gravatar.com\/avatar\/dfd93f238ac240412a073bcfa382754e1511fc4f09aa623817d2a6a74dc71d7f?s=192&#038;d=mm&#038;r=g 2x' class='avatar avatar-96 photo' height='96' width='96' \/>\t\t\t\t\t<p>Absolwentka kulturoznawstwa, wiele lat zwi\u0105zana z trzecim sektorem, w \u017cyciu zawodowym zajmowa\u0142a si\u0119 wspieraniem startup\u00f3w i pocz\u0105tkuj\u0105cych przedsi\u0119biorc\u00f3w w PPNT Gdynia. Obecnie prowadzi tr\u00f3jmiejski oddzia\u0142 Szko\u0142y IT Coders Lab. Koordynatorka spotka\u0144 WordCamp Gdynia oraz WordUp Tr\u00f3jmiasto, wsp\u00f3\u0142organizatorka WordCamp Krak\u00f3w 2015 i WordCamp Lublin 2017. Prowadzi bloga <a href=\"http:\/\/gajapisze.pl\/\" target=\"_blank\" rel=\"noopener\">gajapisze.pl<\/a>. Pasjonuje j\u0105 bran\u017ca IT, WordPress oraz Gwiezdne Wojny.<\/p>\n\t\t\t\t<\/div>\n\t\t\t<\/div>\n\n\t\t\n\t\t\t<div class=\"wcorg-organizer\">\n\t\t\t\t<h2>Magdalena Stanek<\/h2>\n\t\t\t\t<div class=\"wcorg-organizer-description\">\n\t\t\t\t\t\t\t\t\t\t<img alt='' src='https:\/\/secure.gravatar.com\/avatar\/7a1fbd00b52936f09417b6d23a14fdc6e3dee5536f28f60cfd9672d82af650b2?s=96&#038;d=mm&#038;r=g' srcset='https:\/\/secure.gravatar.com\/avatar\/7a1fbd00b52936f09417b6d23a14fdc6e3dee5536f28f60cfd9672d82af650b2?s=192&#038;d=mm&#038;r=g 2x' class='avatar avatar-96 photo' height='96' width='96' \/>\t\t\t\t\t<p>Od 12 lat zawodowo zajmuje si\u0119 t\u0142umaczeniami i prowadzi w\u0142asn\u0105 firm\u0119 t\u0142umaczeniow\u0105. Pasjonuj\u0105 j\u0105 nie tylko j\u0119zyki obce, ale r\u00f3wnie\u017c programowania, w zwi\u0105zku z tym od jakiego\u015b czasu uczy si\u0119 kodowa\u0107. Ze spo\u0142eczno\u015bci\u0105 WordPressa zwi\u0105zana jako kontrybutor polskich t\u0142umacze\u0144 oraz obecnie jako organizator. Poza prac\u0105 zawodow\u0105 uwielbia podr\u00f3\u017ce, poznawanie nowych miejsc i kultur.<\/p>\n\t\t\t\t<\/div>\n\t\t\t<\/div>\n\n\t\t\n\t\t\t<div class=\"wcorg-organizer\">\n\t\t\t\t<h2>Ania Ma\u0107kowiak<\/h2>\n\t\t\t\t<div class=\"wcorg-organizer-description\">\n\t\t\t\t\t\t\t\t\t\t<img alt='' src='https:\/\/secure.gravatar.com\/avatar\/277d1f9f86b6297a0756d1989deccce36aa81d9a5408accf288702d3b4fff01b?s=96&#038;d=mm&#038;r=g' srcset='https:\/\/secure.gravatar.com\/avatar\/277d1f9f86b6297a0756d1989deccce36aa81d9a5408accf288702d3b4fff01b?s=192&#038;d=mm&#038;r=g 2x' class='avatar avatar-96 photo' height='96' width='96' \/>\t\t\t\t\t<p>WordPressem zainteresowa\u0142a si\u0119 dzi\u0119ki WordUp&#8217;om w Poznaniu, fascynuj\u0105 j\u0105 mo\u017cliwo\u015bci jakie daje. Od niedawna wg\u0142\u0119bia si\u0119 w tematyk\u0119 programowania. Prywatnie pasjonatka \u017ceglarstwa i j\u0119zyk\u00f3w obcych, ostatnio chi\u0144skiego.<\/p>\n\t\t\t\t<\/div>\n\t\t\t<\/div>\n\n\t\t\n\t\t\t<div class=\"wcorg-organizer\">\n\t\t\t\t<h2>Bartosz Kubisz<\/h2>\n\t\t\t\t<div class=\"wcorg-organizer-description\">\n\t\t\t\t\t\t\t\t\t\t<img alt='' src='https:\/\/secure.gravatar.com\/avatar\/b6b4698b2a44956aab6cc3b54d61c6a44d28003a213edf3328866ddac62575fb?s=96&#038;d=mm&#038;r=g' srcset='https:\/\/secure.gravatar.com\/avatar\/b6b4698b2a44956aab6cc3b54d61c6a44d28003a213edf3328866ddac62575fb?s=192&#038;d=mm&#038;r=g 2x' class='avatar avatar-96 photo' height='96' width='96' \/>\t\t\t\t\t<p>Obecnie Web developer w firmie <a href=\"https:\/\/sunscrapers.com\/\" target=\"_blank\" rel=\"noopener\">Sunscrapers.com<\/a>, wcze\u015bniej freelancer. Wsp\u00f3\u0142organizator Wordcampa Lublin 2017, z zami\u0142owaniem do WordPressa, zg\u0142\u0119biania nowych technologii oraz nauki j\u0119zyk\u00f3w obcych. W wolnych chwilach czyta dobr\u0105 ksi\u0105\u017ck\u0119, testuje sw\u00f3j rower trekkingowy lub p\u0142ywa.<\/p>\n\t\t\t\t<\/div>\n\t\t\t<\/div>\n\n\t\t\n\t\t\t<div class=\"wcorg-organizer\">\n\t\t\t\t<h2>Marcin Krzemi\u0144ski<\/h2>\n\t\t\t\t<div class=\"wcorg-organizer-description\">\n\t\t\t\t\t\t\t\t\t\t<img alt='' src='https:\/\/secure.gravatar.com\/avatar\/0e0021b6612b8558be34cc4138419dd4dd919bc6cb7f2a5cddef2f62222717d2?s=96&#038;d=mm&#038;r=g' srcset='https:\/\/secure.gravatar.com\/avatar\/0e0021b6612b8558be34cc4138419dd4dd919bc6cb7f2a5cddef2f62222717d2?s=192&#038;d=mm&#038;r=g 2x' class='avatar avatar-96 photo' height='96' width='96' \/>\t\t\t\t\t<p>W bran\u017cy od 2006 roku. Zaczyna\u0142 jako specjalista SEO, ale szybko doszed\u0142 do wniosku, \u017ce front-end jest du\u017co ciekawszy. Z WordPressem zwi\u0105zany praktycznie od samego pocz\u0105tku kariery. Od niedawna pomaga w organizacji WordUp\u00f3w w Poznaniu. Poza prac\u0105 wielki fan speedwaya ;).<\/p>\n\t\t\t\t<\/div>\n\t\t\t<\/div>\n\n\t\t\n\t\t\t<div class=\"wcorg-organizer\">\n\t\t\t\t<h2>Andrzej Bara\u0144ski<\/h2>\n\t\t\t\t<div class=\"wcorg-organizer-description\">\n\t\t\t\t\t\t\t\t\t\t<img alt='' src='https:\/\/secure.gravatar.com\/avatar\/990f9266b08bc0077cdcc1c74a7e47451a0bd6065b93ca5d4a8d8bdc8d3dc365?s=96&#038;d=mm&#038;r=g' srcset='https:\/\/secure.gravatar.com\/avatar\/990f9266b08bc0077cdcc1c74a7e47451a0bd6065b93ca5d4a8d8bdc8d3dc365?s=192&#038;d=mm&#038;r=g 2x' class='avatar avatar-96 photo' height='96' width='96' \/>\t\t\t\t\t<p>Instalator Windows\u00f3w, zwi\u0105zany z WordPressem od 2010 roku. Urzeczony spo\u0142eczno\u015bci\u0105 zapoznan\u0105 na swoim pierwszym WordCampie w Poznaniu (2011).<\/p>\n\t\t\t\t<\/div>\n\t\t\t<\/div>\n\n\t\t\n\t\t\t<div class=\"wcorg-organizer\">\n\t\t\t\t<h2>J\u0119drzej Cha\u0142ubek<\/h2>\n\t\t\t\t<div class=\"wcorg-organizer-description\">\n\t\t\t\t\t\t\t\t\t\t<img alt='' src='https:\/\/secure.gravatar.com\/avatar\/34cf97bf3f839128cdedb3961010d8e6def8f50ec8539493406a0d5a2623a040?s=96&#038;d=mm&#038;r=g' srcset='https:\/\/secure.gravatar.com\/avatar\/34cf97bf3f839128cdedb3961010d8e6def8f50ec8539493406a0d5a2623a040?s=192&#038;d=mm&#038;r=g 2x' class='avatar avatar-96 photo' height='96' width='96' \/>\t\t\t\t\t<p>Web developer i graphic designer. Minimalista. Po godzinach\u00a0robi <a href=\"https:\/\/github.com\/jedrzejchalubek\/\" target=\"_blank\" rel=\"noopener\">open-source<\/a>.<\/p>\n\t\t\t\t<\/div>\n\t\t\t<\/div>\n\n\t\t\n\t\t\t<div class=\"wcorg-organizer\">\n\t\t\t\t<h2>Mariusz Szatkowski<\/h2>\n\t\t\t\t<div class=\"wcorg-organizer-description\">\n\t\t\t\t\t\t\t\t\t\t<img alt='' src='https:\/\/secure.gravatar.com\/avatar\/f36d29de5c13afd86496da617f5452e4cd45a7b17e23377b02819689c642393b?s=96&#038;d=mm&#038;r=g' srcset='https:\/\/secure.gravatar.com\/avatar\/f36d29de5c13afd86496da617f5452e4cd45a7b17e23377b02819689c642393b?s=192&#038;d=mm&#038;r=g 2x' class='avatar avatar-96 photo' height='96' width='96' \/>\t\t\t\t\t<p>WordPress Developer, tworzy wieloj\u0119zykowe, responsywne witryny, sklepy internetowe oraz aplikacje mobilne, modyfikuj\u0105c frontend jak i backend serwis\u00f3w pod indywidualne potrzeby klienta. Projektuje u\u017cyteczn\u0105 grafik\u0119, mikroanimacje i architektur\u0119 informacji w witrynach, optymalizuje kod witryny pod SEO. \u0141ata dziury w oprogramowaniu, zabezpiecza i naprawia serwisy www po w\u0142amaniach. Od 1996r. tworzy strony www i kampanie online, a od 2007 roku w ramach projektu <a href=\"https:\/\/www.wppoland.com\">WPPoland<\/a> migruje i kastomizuje strony klient\u00f3w do WordPressa, szkoli, doradza i optymalizuje nak\u0142ady inwestycyjne na nowoczesne rozwi\u0105zania komunikacyjne w marketingu internetowym.<\/p>\n\t\t\t\t<\/div>\n\t\t\t<\/div>\n\n\t\t\n\t<\/div><!-- .wcorg-organizers -->\n\t\n<h2>Wolontariusze<\/h2>\n<hr \/>\n<ul>\n<li>Mariusz Kiesi\u0144ski<\/li>\n<li>Jakub Kwietniak<\/li>\n<li>Artur Kiszkielis<\/li>\n<\/ul>\n","protected":false},"excerpt":{"rendered":"<p>Koordynator Organizatorzy Wolontariusze Mariusz Kiesi\u0144ski Jakub Kwietniak Artur Kiszkielis<\/p>\n","protected":false},"author":15364636,"featured_media":0,"parent":0,"menu_order":0,"comment_status":"closed","ping_status":"closed","template":"","meta":{"jetpack_post_was_ever_published":false,"footnotes":""},"class_list":["post-116","page","type-page","status-publish","hentry"],"jetpack_sharing_enabled":true,"jetpack_shortlink":"https:\/\/wp.me\/P9jHCf-1S","_links":{"self":[{"href":"https:\/\/poznan.wordcamp.org\/2018\/wp-json\/wp\/v2\/pages\/116","targetHints":{"allow":["GET"]}}],"collection":[{"href":"https:\/\/poznan.wordcamp.org\/2018\/wp-json\/wp\/v2\/pages"}],"about":[{"href":"https:\/\/poznan.wordcamp.org\/2018\/wp-json\/wp\/v2\/types\/page"}],"author":[{"embeddable":true,"href":"https:\/\/poznan.wordcamp.org\/2018\/wp-json\/wp\/v2\/users\/15364636"}],"replies":[{"embeddable":true,"href":"https:\/\/poznan.wordcamp.org\/2018\/wp-json\/wp\/v2\/comments?post=116"}],"version-history":[{"count":3,"href":"https:\/\/poznan.wordcamp.org\/2018\/wp-json\/wp\/v2\/pages\/116\/revisions"}],"predecessor-version":[{"id":5366,"href":"https:\/\/poznan.wordcamp.org\/2018\/wp-json\/wp\/v2\/pages\/116\/revisions\/5366"}],"wp:attachment":[{"href":"https:\/\/poznan.wordcamp.org\/2018\/wp-json\/wp\/v2\/media?parent=116"}],"curies":[{"name":"wp","href":"https:\/\/api.w.org\/{rel}","templated":true}]}}