{"id":88,"date":"2011-10-07T09:16:58","date_gmt":"2011-10-07T07:16:58","guid":{"rendered":"https:\/\/2011.poznan.wordcamp.org\/?page_id=88"},"modified":"2011-10-09T12:55:09","modified_gmt":"2011-10-09T10:55:09","slug":"gdzie-i-kiedy","status":"publish","type":"page","link":"https:\/\/poznan.wordcamp.org\/2011\/gdzie-i-kiedy\/","title":{"rendered":"Gdzie i kiedy?"},"content":{"rendered":"<p>Nasz WordCamp odb\u0119dzie si\u0119 <strong>9 i 10 grudnia<\/strong> w <strong>Wy\u017cszej Szkole Nauk Humanistycznych i Dziennikarstwa<\/strong> przy ul. Kutrzeby 10 w Poznaniu.<\/p>\n<p><iframe loading=\"lazy\" width=\"635\" height=\"350\" frameborder=\"0\" scrolling=\"no\" marginheight=\"0\" marginwidth=\"0\" src=\"http:\/\/mapy.google.pl\/maps?f=q&amp;source=s_q&amp;hl=pl&amp;geocode=&amp;q=Genera%C5%82a+Tadeusza+Kutrzeby+10,+Pozna%C5%84&amp;aq=&amp;sll=52.415554,16.930758&amp;sspn=0.007879,0.019011&amp;vpsrc=0&amp;ie=UTF8&amp;hq=&amp;hnear=Genera%C5%82a+Tadeusza+Kutrzeby+10,+Pozna%C5%84,+Wielkopolskie&amp;t=m&amp;z=14&amp;ll=52.41581,16.931241&amp;output=embed\"><\/iframe><br \/><small><a href=\"http:\/\/mapy.google.pl\/maps?f=q&amp;source=embed&amp;hl=pl&amp;geocode=&amp;q=Genera%C5%82a+Tadeusza+Kutrzeby+10,+Pozna%C5%84&amp;aq=&amp;sll=52.415554,16.930758&amp;sspn=0.007879,0.019011&amp;vpsrc=0&amp;ie=UTF8&amp;hq=&amp;hnear=Genera%C5%82a+Tadeusza+Kutrzeby+10,+Pozna%C5%84,+Wielkopolskie&amp;t=m&amp;z=14&amp;ll=52.41581,16.931241\">Wy\u015bwietl wi\u0119ksz\u0105 map\u0119<\/a><\/small><\/p>\n","protected":false},"excerpt":{"rendered":"<p>Nasz WordCamp odb\u0119dzie si\u0119 9 i 10 grudnia w Wy\u017cszej Szkole Nauk Humanistycznych i Dziennikarstwa przy ul. Kutrzeby 10 w Poznaniu. Wy\u015bwietl wi\u0119ksz\u0105 map\u0119<\/p>\n","protected":false},"author":8377974,"featured_media":0,"parent":0,"menu_order":0,"comment_status":"closed","ping_status":"closed","template":"","meta":{"jetpack_post_was_ever_published":false,"footnotes":""},"class_list":["post-88","page","type-page","status-publish","hentry"],"jetpack_shortlink":"https:\/\/wp.me\/P1T9bS-1q","jetpack_sharing_enabled":true,"_links":{"self":[{"href":"https:\/\/poznan.wordcamp.org\/2011\/wp-json\/wp\/v2\/pages\/88","targetHints":{"allow":["GET"]}}],"collection":[{"href":"https:\/\/poznan.wordcamp.org\/2011\/wp-json\/wp\/v2\/pages"}],"about":[{"href":"https:\/\/poznan.wordcamp.org\/2011\/wp-json\/wp\/v2\/types\/page"}],"author":[{"embeddable":true,"href":"https:\/\/poznan.wordcamp.org\/2011\/wp-json\/wp\/v2\/users\/8377974"}],"replies":[{"embeddable":true,"href":"https:\/\/poznan.wordcamp.org\/2011\/wp-json\/wp\/v2\/comments?post=88"}],"version-history":[{"count":6,"href":"https:\/\/poznan.wordcamp.org\/2011\/wp-json\/wp\/v2\/pages\/88\/revisions"}],"predecessor-version":[{"id":578,"href":"https:\/\/poznan.wordcamp.org\/2011\/wp-json\/wp\/v2\/pages\/88\/revisions\/578"}],"wp:attachment":[{"href":"https:\/\/poznan.wordcamp.org\/2011\/wp-json\/wp\/v2\/media?parent=88"}],"curies":[{"name":"wp","href":"https:\/\/api.w.org\/{rel}","templated":true}]}}