{"id":69,"date":"2011-10-07T08:51:47","date_gmt":"2011-10-07T08:51:47","guid":{"rendered":"https:\/\/2011.poznan.wordcamp.org\/?page_id=69"},"modified":"2011-11-29T11:22:49","modified_gmt":"2011-11-29T10:22:49","slug":"sponsorzy","status":"publish","type":"page","link":"https:\/\/poznan.wordcamp.org\/2011\/sponsorzy\/","title":{"rendered":"Sponsorzy"},"content":{"rendered":"<p><strong>Zapraszamy do wsp\u00f3\u0142pracy przy organizacji pozna\u0144skiego WordCampa. W tej chwili sponsorzy s\u0105 nam najbardziej potrzebni.<\/strong><\/p>\n<p>Je\u015bli Ty lub Twoja firma mo\u017cecie si\u0119 przyczyni\u0107 do u\u015bwietnienia tego spotkania to zapraszamy do kontaktu z organizatorami.<\/p>\n<div class=\"one-sponsor\">\n<div class=\"sponsor-logo\">\n<a href=\"http:\/\/absolwencinawalizkach.pl\" title=\"Diamentowy sponsor: Absolwenci na walizkach\" target=\"_blank\"><img loading=\"lazy\" decoding=\"async\" src=\"https:\/\/2011.poznan.wordcamp.org\/files\/2011\/10\/anw3.png\" width=\"200\" height=\"54\" alt=\"Absolwenci na walizkach\"><br \/>\n<\/a>\n<\/div>\n<div class=\"sponsor-details\">\n<h2 class=\"sponsor-title\"><a href=\"http:\/\/absolwencinawalizkach.pl\" title=\"Diamentowy sponsor: Absolwenci na walizkach\" target=\"_blank\">Absolwenci na walizkach<\/a><\/h2>\n<p><small>Diamentowy sponsor<\/small><\/p>\n<p>Stracone pokolenie, bezrobocie, \u015bmieciowe umowy \u2013 te poj\u0119cia to najwa\u017cniejsze troski os\u00f3b wkraczaj\u0105cych na wsp\u00f3\u0142czesny, trudny rynek pracy. Stowarzyszenie &#8220;Absolwenci na walizkach&#8221; ma za zadanie wspieranie ich w zakresie budowania kompetencji zawodowych i spo\u0142ecznych. Staramy si\u0119 uczy\u0107, jak profesjonalnie szuka\u0107 pracy i dawa\u0107 pomocne narz\u0119dzia. Zrzeszeni w ANW specjali\u015bci i pasjonaci r\u00f3\u017cnych dziedzin pomagaj\u0105 przygotowa\u0107 profesjonalne dokumenty aplikacyjne, kszta\u0142c\u0105 z podstaw oprogramowania istotnego praktycznie na ka\u017cdym stanowisku (poprzez np. tutoriale do Excela). Do naszych zada\u0144 nale\u017cy tak\u017ce organizowanie szkole\u0144 z umiej\u0119tno\u015bci mi\u0119kkich i zawodowych z takich dziedzin, jak np. monta\u017c filmowy, tworzenie stron internetowych, budowanie marki osobistej na rynku pracy, profesjonalna obs\u0142uga klienta.<\/p>\n<\/div>\n<\/div>\n<div class=\"one-sponsor\">\n<div class=\"sponsor-logo\">\n<a href=\"http:\/\/woothemes.com\" title=\"Srebrny sponsor: WooThemes\" target=\"_blank\"><img loading=\"lazy\" decoding=\"async\" src=\"https:\/\/2011.poznan.wordcamp.org\/files\/2011\/10\/woologo.png\" width=\"200\" height=\"50\" alt=\"WooThemes\"><br \/>\n<\/a>\n<\/div>\n<div class=\"sponsor-details\">\n<h2 class=\"sponsor-title\"><a href=\"http:\/\/woothemes.com\" title=\"Srebrny sponsor: WooThemes\" target=\"_blank\">Woo Themes<\/a><\/h2>\n<p><small>Srebrny sponsor<\/small><\/p>\n<p>WooThemes to <a href=\"http:\/\/www.woothemes.com\/meet-the-team\/\" target=\"_blank\">mi\u0119dzynarodowa<\/a> firma, tworz\u0105ca u\u017cyteczne, \u015bwietne i genialnie wygl\u0105daj\u0105ce oraz dzia\u0142aj\u0105ce sk\u00f3rki oraz pluginy, kt\u00f3re pomog\u0105 Ci przekszta\u0142ci\u0107 Twojego WordPressa w niezawodn\u0105, niepowtarzaln\u0105 i w pe\u0142ni funkcjonaln\u0105 stron\u0119.<\/p>\n<\/div>\n<\/div>\n<div class=\"one-sponsor\">\n<div class=\"sponsor-logo\">\n<a href=\"http:\/\/premium.wpmudev.org\" title=\"Srebrny sponsor: WPM UDEV\" target=\"_blank\"><img loading=\"lazy\" decoding=\"async\" src=\"https:\/\/2011.poznan.wordcamp.org\/files\/2011\/10\/wpmudev.png\" width=\"200\" height=\"58\" alt=\"WordPress plugins and themes\"><br \/>\n<\/a>\n<\/div>\n<div class=\"sponsor-details\">\n<h2 class=\"sponsor-title\"><a href=\"http:\/\/premium.wpmudev.org\" title=\"WordPress plugins and themes\" target=\"_blank\">WPMU DEV<\/a><\/h2>\n<p><small>Srebrny sponsor<\/small><\/p>\n<p>WPMU DEV to najwi\u0119kszy dostawca plugin\u00f3w oraz theme&#8217;\u00f3w w sieci. Po zarejestrowaniu masz dost\u0119p do ponad 300 rozszerze\u0144 oraz sk\u00f3rek. Dodatkowo WPMU DEV oferuje pomoc najlepszych ekspert\u00f3w zajmuj\u0105cych si\u0119 WordPressem\u2026 W zasadzie wygl\u0105da to tak jakby ci eksperci pracowali w\u0142a\u015bnie dla Ciebie!<\/p>\n<\/div>\n<\/div>\n<div class=\"one-sponsor\">\n<div class=\"sponsor-logo\">\n<a href=\"http:\/\/jetpack.me\" title=\"Srebrny sponsor: JetPack\" target=\"_blank\"><img loading=\"lazy\" decoding=\"async\" src=\"https:\/\/2011.poznan.wordcamp.org\/files\/2011\/11\/logo-jetpack2.png\" width=\"200\" height=\"130\" alt=\"WooThemes\"><br \/>\n<\/a>\n<\/div>\n<div class=\"sponsor-details\">\n<h2 class=\"sponsor-title\"><a href=\"http:\/\/jetpack.me\" title=\"Srebrny sponsor: JetPack\" target=\"_blank\">JetPack<\/a><\/h2>\n<p><small>Srebrny sponsor<\/small><\/p>\n<p>JetPack to paczka \u015bwietnych dodatk\u00f3w do WordPressa stworzona przez samych developer\u00f3w WordPressa. Dzi\u0119ki niej Tw\u00f3j WordPress nabierze super mocy!<\/p>\n<\/div>\n<\/div>\n<div class=\"one-sponsor\">\n<div class=\"sponsor-logo\">\n<a href=\"http:\/\/fotonamiare.pl\" title=\"Partner: fotonamiare.pl\" target=\"_blank\"><img loading=\"lazy\" decoding=\"async\" src=\"https:\/\/2011.poznan.wordcamp.org\/files\/2011\/10\/fotonamiare1.png\" width=\"200\" height=\"31\" alt=\"fotonamiare.pl\"><br \/>\n<\/a>\n<\/div>\n<div class=\"sponsor-details\">\n<h2 class=\"sponsor-title\"><a href=\"http:\/\/fotonamiare.pl\" target=\"_blank\" title=\"Partner: fotonamiare.pl\">fotonamiare.pl<\/a><\/h2>\n<p><small>Partner<\/small><\/p>\n<p>Studio fotograficzne jakich wiele w Polsce\u2026 pasjonaci drewna i dobrej kawy. Je\u015bli masz ochot\u0119 zobaczy\u0107 jak wygl\u0105da najstarsze miasto w kraju z perspektywy zabytkowego strychu kamienicy przy g\u0142\u00f3wnym rynku i pozna\u0107  firmowego zwierzaka o zaskakuj\u0105cym imieniu \u201efotka\u201d to dobrze trafi\u0142e\u015b. A mo\u017ce przy odrobinie szcz\u0119\u015bcia dane Ci b\u0119dzie zobaczy\u0107 fotografie przenoszone na drewno autorsk\u0105 technik\u0105 doskonalon\u0105 przez ostatnie cztery lata dzia\u0142ania studia. Dla amator\u00f3w czarnego z\u0142ota nagrod\u0105 za dobry gust b\u0119dzie pokaz album\u00f3w i skrzy\u0144 do przechowywania fotografii. Ca\u0142o\u015b\u0107 dope\u0142ni szeroki asortyment galanterii fotograficznej produkowany w zgodzie z gustem w\u0142a\u015bcicieli i natur\u0105. Acha\u2026 podobno robi\u0105 tak\u017ce fajne fotografie ;).<\/p>\n<\/div>\n<\/div>\n<div class=\"one-sponsor\">\n<div class=\"sponsor-logo\">\n<a href=\"http:\/\/optart.pl\" title=\"Sponsor: OptArt\" target=\"_blank\"><img loading=\"lazy\" decoding=\"async\" src=\"https:\/\/2011.poznan.wordcamp.org\/files\/2011\/10\/optart1.png\" width=\"200\" height=\"75\" alt=\"OptArt\"><br \/>\n<\/a>\n<\/div>\n<div class=\"sponsor-details\">\n<h2 class=\"sponsor-title\"><a href=\"http:\/\/optart.pl\" target=\"_blank\" title=\"Sponsor: OptArt\">OptArt<\/a><\/h2>\n<p><small>Sponsor<\/small><\/p>\n<p><a href=\"http:\/\/optart.pl\" target=\"_blank\">OptArt<\/a> zajmuje si\u0119 kompleksowym tworzeniem i obs\u0142ug\u0105 stron internetowych, \u015bwiadczy tak\u017ce us\u0142ugi outsourcingu dla innych agencji interaktywnych: koduje, implementuje WordPress\/CMS Made Simple, projektuje graficznie, optymalizuje pod k\u0105tem wyszukiwarek (SEO).<br \/>\nAktywnie promuje WordPressa jako sponsor oraz podczas prelekcji na <a href=\"http:\/\/optart.pl\/wordcamp-2010\/\" target=\"_blank\">pierwszym<\/a> i drugim polskim WordCampie.<\/p>\n<\/div>\n<\/div>\n<div class=\"one-sponsor\">\n<div class=\"sponsor-logo\">\n<a href=\"http:\/\/goundee.com\" title=\"Sponsor: Goundee\" target=\"_blank\"><img loading=\"lazy\" decoding=\"async\" src=\"https:\/\/2011.poznan.wordcamp.org\/files\/2011\/10\/goundee.png\" width=\"200\" height=\"91\" alt=\"Goundee\"><br \/>\n<\/a>\n<\/div>\n<div class=\"sponsor-details\">\n<h2 class=\"sponsor-title\"><a href=\"http:\/\/goundee.com\" target=\"_blank\" title=\"Sponsor: Goundee\">Goundee<\/a><\/h2>\n<p><small>Sponsor<\/small><\/p>\n<p>Goundee jest firm\u0105 specjalizuj\u0105c\u0105 si\u0119 w us\u0142ugach typu PSD to HTML, PSD to WordPress oraz PSD to Umbraco. Dodatkowo \u015bwiadczymy r\u00f3wnie\u017c profesjonalny konsulting informatyczny.<\/p>\n<\/div>\n<\/div>\n","protected":false},"excerpt":{"rendered":"<p>Zapraszamy do wsp\u00f3\u0142pracy przy organizacji pozna\u0144skiego WordCampa. W tej chwili sponsorzy s\u0105 nam najbardziej potrzebni. Je\u015bli Ty lub Twoja firma mo\u017cecie si\u0119 przyczyni\u0107 do u\u015bwietnienia tego spotkania to zapraszamy do kontaktu z organizatorami. Absolwenci na walizkach Diamentowy sponsor Stracone pokolenie, &hellip; <a href=\"https:\/\/poznan.wordcamp.org\/2011\/sponsorzy\/\">Continue reading <span class=\"screen-reader-text\">Sponsorzy<\/span>  <span class=\"meta-nav\">&rarr;<\/span><\/a><\/p>\n","protected":false},"author":8377974,"featured_media":0,"parent":0,"menu_order":0,"comment_status":"closed","ping_status":"closed","template":"","meta":{"jetpack_post_was_ever_published":false,"footnotes":""},"class_list":["post-69","page","type-page","status-publish","hentry"],"jetpack_shortlink":"https:\/\/wp.me\/P1T9bS-17","jetpack_sharing_enabled":true,"_links":{"self":[{"href":"https:\/\/poznan.wordcamp.org\/2011\/wp-json\/wp\/v2\/pages\/69","targetHints":{"allow":["GET"]}}],"collection":[{"href":"https:\/\/poznan.wordcamp.org\/2011\/wp-json\/wp\/v2\/pages"}],"about":[{"href":"https:\/\/poznan.wordcamp.org\/2011\/wp-json\/wp\/v2\/types\/page"}],"author":[{"embeddable":true,"href":"https:\/\/poznan.wordcamp.org\/2011\/wp-json\/wp\/v2\/users\/8377974"}],"replies":[{"embeddable":true,"href":"https:\/\/poznan.wordcamp.org\/2011\/wp-json\/wp\/v2\/comments?post=69"}],"version-history":[{"count":19,"href":"https:\/\/poznan.wordcamp.org\/2011\/wp-json\/wp\/v2\/pages\/69\/revisions"}],"predecessor-version":[{"id":317,"href":"https:\/\/poznan.wordcamp.org\/2011\/wp-json\/wp\/v2\/pages\/69\/revisions\/317"}],"wp:attachment":[{"href":"https:\/\/poznan.wordcamp.org\/2011\/wp-json\/wp\/v2\/media?parent=69"}],"curies":[{"name":"wp","href":"https:\/\/api.w.org\/{rel}","templated":true}]}}