{"id":639,"date":"2011-11-25T09:14:09","date_gmt":"2011-11-25T08:14:09","guid":{"rendered":"https:\/\/2011.poznan.wordcamp.org\/?page_id=639"},"modified":"2011-12-08T13:05:48","modified_gmt":"2011-12-08T12:05:48","slug":"agenda","status":"publish","type":"page","link":"https:\/\/poznan.wordcamp.org\/2011\/agenda\/","title":{"rendered":"Agenda"},"content":{"rendered":"<div class=\"entry-content\">\n<h2 class=\"agenda-title\">Dzie\u0144 pierwszy<\/h2>\n<table class=\"agenda\" cellspacing=\"0\" cellpadding=\"0\" border=\"0\" width=\"100%\">\n<thead>\n<tr>\n<th>Temat, prelegent<\/th>\n<th>Czas<\/th>\n<th>Godzina<\/th>\n<\/tr>\n<\/thead>\n<tbody>\n<tr class=\"break\">\n<td colspan=\"2\">Rejestracja<\/td>\n<td>10:00 &#8211; 10:30<\/td>\n<\/tr>\n<tr class=\"topic\">\n<td><strong><a href=\"https:\/\/2011.poznan.wordcamp.org\/session\/wordpress-na-froncie-i-zapleczu-case-study-portalu-mojabochnia-pl\/\">WordPress na froncie i zapleczu &#8211; case study portalu mojabochnia.pl<\/a><\/strong> <small>Maciej Kuchnik<\/small><\/td>\n<td>40 min<\/td>\n<td>10:30 &#8211; 11:10<\/td>\n<\/tr>\n<tr class=\"break\">\n<td colspan=\"2\">przerwa<\/td>\n<td>11:00 &#8211; 11:20<\/td>\n<\/tr>\n<tr class=\"topic\">\n<td><strong><a href=\"https:\/\/2011.poznan.wordcamp.org\/session\/informacja-rulez\/\">Informacja Rulez!<\/a><\/strong> <small>Arek St\u0119pkowski<\/small><\/td>\n<td>30 min<\/td>\n<td>11:20 &#8211; 11:50<\/td>\n<\/tr>\n<tr class=\"break\">\n<td colspan=\"2\">przerwa<\/td>\n<td>11:50 &#8211; 12:00<\/td>\n<\/tr>\n<tr class=\"topic\">\n<td><strong><a href=\"https:\/\/2011.poznan.wordcamp.org\/session\/bledy-html5-ktorych-nalezy-uniknac-twoarzac-wlasne-motywy\/\">B\u0142\u0119dy HTML5 kt\u00f3rych nale\u017cy unika\u0107 tworz\u0105c w\u0142asne motywy<\/a><\/strong> <small>Micha\u0142 Ma\u0107kowiak<\/small><\/td>\n<td>40 min<\/td>\n<td>12:00 &#8211; 12:40<\/td>\n<\/tr>\n<tr class=\"break\">\n<td colspan=\"2\">przerwa<\/td>\n<td>12:40 &#8211; 12:50<\/td>\n<\/tr>\n<tr class=\"topic\">\n<td><strong><a href=\"https:\/\/2011.poznan.wordcamp.org\/session\/jak-znalezc-sie-na-szczycie-czyli-o-optymalizacji-i-pozycjonowaniu-wordpressa\/\">Jak znale\u017a\u0107 si\u0119 na szczycie &#8211; czyli o optymalizacji i pozycjonowaniu WordPressa<\/a><\/strong> <small>Magdalena Br\u00f3d<\/small><\/td>\n<td>30 min<\/td>\n<td>12:50 &#8211; 13:20<\/td>\n<\/tr>\n<tr class=\"break\">\n<td colspan=\"2\">przerwa lunchowa<\/td>\n<td>13:20 &#8211; 14:20<\/td>\n<\/tr>\n<tr class=\"topic\">\n<td><strong><a href=\"https:\/\/2011.poznan.wordcamp.org\/session\/solr-a-wordpress-praktyczne-wykorzystanie-w-sieci-blomedia-pl\/\">SOLR a WordPress &#8211; czyli jak szuka\u0107, \u017ceby znale\u017a\u0107<\/a><\/strong> <small>Marcin Pietrzak<\/small><\/td>\n<td>30 min<\/td>\n<td>14:20 &#8211; 14:50<\/td>\n<\/tr>\n<tr class=\"break\">\n<td colspan=\"2\">przerwa<\/td>\n<td>14:50 &#8211; 15:00<\/td>\n<\/tr>\n<tr class=\"topic\">\n<td><strong><a href=\"https:\/\/2011.poznan.wordcamp.org\/session\/optymalizacja-czasu-pracy-nad-szablonami-wordpress\/\">Optymalizacja czasu pracy nad szablonami WordPress<\/a><\/strong> <small>Marcin Wolak<\/small><\/td>\n<td>40 min<\/td>\n<td>15:00 &#8211; 15:40<\/td>\n<\/tr>\n<tr class=\"break\">\n<td colspan=\"2\">przerwa<\/td>\n<td>15:40 &#8211; 15:50<\/td>\n<\/tr>\n<tr class=\"topic\">\n<td><strong><a href=\"https:\/\/2011.poznan.wordcamp.org\/session\/frameworki-wordpressa-z-czym-to-sie-je-na-przykladzie-genesis\/\">Frameworki WordPressa &#8211; z czym to si\u0119 je na przyk\u0142adzie Genesis<\/a><\/strong> <small>Szymon Skulimowski<\/small><\/td>\n<td>30 min<\/td>\n<td>15:50 &#8211; 16:20<\/td>\n<\/tr>\n<tr class=\"end\">\n<td colspan=\"3\">KONIEC PIERWSZEGO DNIA<\/td>\n<\/tr>\n<\/tbody>\n<\/table>\n<h2 class=\"agenda-title\">Dzie\u0144 drugi<\/h2>\n<table class=\"agenda\" cellspacing=\"0\" cellpadding=\"0\" border=\"0\" width=\"100%\">\n<thead>\n<tr>\n<th>Temat, prelegent<\/th>\n<th>Czas<\/th>\n<th>Godzina<\/th>\n<\/tr>\n<\/thead>\n<tbody>\n<tr class=\"break\">\n<td colspan=\"2\">Rejestracja<\/td>\n<td>09:30 &#8211; 10:00<\/td>\n<\/tr>\n<tr class=\"topic\">\n<td><strong><a href=\"https:\/\/2011.poznan.wordcamp.org\/session\/dopalic-wordpressa-teoretyczne-i-praktyczne-sposoby-uzycia-cachowania\/\">Dopali\u0107 WordPress\u2019a &#8211; teoretyczne i praktyczne sposoby u\u017cycia cache\u2019owania.<\/a><\/strong> <small>Marcin Pietrzak<\/small><\/td>\n<td>45 min<\/td>\n<td>10:00 &#8211; 10:45<\/td>\n<\/tr>\n<tr class=\"break\">\n<td colspan=\"2\">przerwa<\/td>\n<td>10:45 &#8211; 10:55<\/td>\n<\/tr>\n<tr class=\"topic\">\n<td><strong><a href=\"https:\/\/2011.poznan.wordcamp.org\/session\/html5-jako-nosnik-nowoczesnych-szablonow-wordpress\/\">Modyfikacje panelu administratora<\/a><\/strong> <small>Bartosz Bilicki<\/small><\/td>\n<td>40 min<\/td>\n<td>10:55 &#8211; 11:35<\/td>\n<\/tr>\n<tr class=\"break\">\n<td colspan=\"2\">przerwa<\/td>\n<td>11:35 &#8211; 11:45<\/td>\n<\/tr>\n<tr class=\"topic\">\n<td><strong><a href=\"https:\/\/2011.poznan.wordcamp.org\/session\/praca-od-strony-prawnej-umowy-odpowiedzialnosc-prawa-itp\/\">Zarabianie na WordPressie, czyli jak zosta\u0107 freelancerem<\/a><\/strong> <small>Pawe\u0142 Pela<\/small><\/td>\n<td>30 min<\/td>\n<td>11:45 &#8211; 12:15<\/td>\n<\/tr>\n<tr class=\"break\">\n<td colspan=\"2\">przerwa<\/td>\n<td>12:15 &#8211; 12:25<\/td>\n<\/tr>\n<tr class=\"topic\">\n<td><strong><a href=\"https:\/\/2011.poznan.wordcamp.org\/session\/tworzenie-wtyczek\/\">Tworzenie wtyczek &#8211; oszcz\u0119dzaj sw\u00f3j czas<\/a><\/strong> <small>Robert Miko\u0142ajuk<\/small><\/td>\n<td>45 min<\/td>\n<td>12:25 &#8211; 13:10<\/td>\n<\/tr>\n<tr class=\"break\">\n<td colspan=\"2\">przerwa lunchowa<\/td>\n<td>13:10 &#8211; 14:00<\/td>\n<\/tr>\n<tr class=\"topic\">\n<td><strong><a href=\"https:\/\/2011.poznan.wordcamp.org\/session\/plugin-czyli-luka-bezpieczenstwa\/\">Plugin czyli luka bezpiecze\u0144stwa<\/a><\/strong> <small>Konrad Dzwinel<\/small><\/td>\n<td>30 min<\/td>\n<td>14:00 &#8211; 14:30<\/td>\n<\/tr>\n<tr class=\"break\">\n<td colspan=\"2\">przerwa<\/td>\n<td>14:30 &#8211; 14:40<\/td>\n<\/tr>\n<tr class=\"topic\">\n<td><strong><a href=\"https:\/\/2011.poznan.wordcamp.org\/session\/wykorzystanie-wlasnych-typow-postu-i-taxonomii-na-przykladzie-systemu-crm\/\">Wykorzystanie w\u0142asnych typ\u00f3w post\u00f3w i taxonomii na przyk\u0142adzie systemu CRM<\/a><\/strong> <small>Micha\u0142 \u017buk<\/small><\/td>\n<td>60 min<\/td>\n<td>14:40 &#8211; 15:40<\/td>\n<\/tr>\n<tr class=\"break\">\n<td colspan=\"2\">przerwa<\/td>\n<td>15:40 &#8211; 15:50<\/td>\n<\/tr>\n<tr class=\"topic\">\n<td><strong><a href=\"https:\/\/2011.poznan.wordcamp.org\/session\/wordpress-a-urzadzenia-mobilne-oraz-skalowalne-layouty-css\/\">WordPress a urz\u0105dzenia mobilne oraz skalowalne layouty CSS<\/a><\/strong> <small>Kuba Niewiarowski<\/small><\/td>\n<td>30 min<\/td>\n<td>15:50 &#8211; 16:20<\/td>\n<\/tr>\n<tr class=\"end\">\n<td colspan=\"3\">KONIEC DRUGIEGO DNIA<\/td>\n<\/tr>\n<\/tbody>\n<\/table>\n<\/div>\n","protected":false},"excerpt":{"rendered":"<p>Dzie\u0144 pierwszy Temat, prelegent Czas Godzina Rejestracja 10:00 &#8211; 10:30 WordPress na froncie i zapleczu &#8211; case study portalu mojabochnia.pl Maciej Kuchnik 40 min 10:30 &#8211; 11:10 przerwa 11:00 &#8211; 11:20 Informacja Rulez! Arek St\u0119pkowski 30 min 11:20 &#8211; 11:50 &hellip; <a href=\"https:\/\/poznan.wordcamp.org\/2011\/agenda\/\">Continue reading <span class=\"screen-reader-text\">Agenda<\/span>  <span class=\"meta-nav\">&rarr;<\/span><\/a><\/p>\n","protected":false},"author":8377974,"featured_media":0,"parent":0,"menu_order":0,"comment_status":"closed","ping_status":"closed","template":"template-full-width.php","meta":{"jetpack_post_was_ever_published":false,"footnotes":""},"class_list":["post-639","page","type-page","status-publish","hentry"],"jetpack_shortlink":"https:\/\/wp.me\/P1T9bS-aj","jetpack_sharing_enabled":true,"_links":{"self":[{"href":"https:\/\/poznan.wordcamp.org\/2011\/wp-json\/wp\/v2\/pages\/639","targetHints":{"allow":["GET"]}}],"collection":[{"href":"https:\/\/poznan.wordcamp.org\/2011\/wp-json\/wp\/v2\/pages"}],"about":[{"href":"https:\/\/poznan.wordcamp.org\/2011\/wp-json\/wp\/v2\/types\/page"}],"author":[{"embeddable":true,"href":"https:\/\/poznan.wordcamp.org\/2011\/wp-json\/wp\/v2\/users\/8377974"}],"replies":[{"embeddable":true,"href":"https:\/\/poznan.wordcamp.org\/2011\/wp-json\/wp\/v2\/comments?post=639"}],"version-history":[{"count":13,"href":"https:\/\/poznan.wordcamp.org\/2011\/wp-json\/wp\/v2\/pages\/639\/revisions"}],"predecessor-version":[{"id":663,"href":"https:\/\/poznan.wordcamp.org\/2011\/wp-json\/wp\/v2\/pages\/639\/revisions\/663"}],"wp:attachment":[{"href":"https:\/\/poznan.wordcamp.org\/2011\/wp-json\/wp\/v2\/media?parent=639"}],"curies":[{"name":"wp","href":"https:\/\/api.w.org\/{rel}","templated":true}]}}