{"id":598,"date":"2011-10-27T19:11:06","date_gmt":"2011-10-27T17:11:06","guid":{"rendered":"https:\/\/2011.poznan.wordcamp.org\/?page_id=598"},"modified":"2011-10-27T22:43:14","modified_gmt":"2011-10-27T20:43:14","slug":"materialy-reklamowe","status":"publish","type":"page","link":"https:\/\/poznan.wordcamp.org\/2011\/materialy-reklamowe\/","title":{"rendered":"Materia\u0142y reklamowe"},"content":{"rendered":"<p>Do pozna\u0144skiego WordCampa nie zosta\u0142o ju\u017c wiele czasu, przyszed\u0142 wi\u0119c moment rozpocz\u0119cia intensywnej promocji! Przede wszystkim liczymy na Was &#8211; uczestnik\u00f3w, prelegent\u00f3w, pomocnik\u00f3w oraz fan\u00f3w WordPressa!<br \/>\nDlatego wrzu\u0107 na swoj\u0105 stron\u0119 czy te\u017c bloga informacje o WordCampie, poinformuj o nim znajomych na Facebooku, Twitterze czy Blipie&#8230; I oczywi\u015bcie umie\u015b\u0107 u siebie w sidebarze ma\u0142y button zach\u0119caj\u0105cy do udzia\u0142u!<br \/>\n<strong>Dzi\u0119ki!<\/strong><\/p>\n<div class=\"one-button\">\n<h2>Uniwersalny &#8211; 200x200px<\/h2>\n<div class=\"cols\"><img loading=\"lazy\" decoding=\"async\" src=\"https:\/\/2011.poznan.wordcamp.org\/files\/2011\/10\/uniwersalny.png\" width=\"200\" height=\"200\" alt=\"WordCamp Pozna\u0144 2011\" class=\"preview-btn\"><textarea cols=\"30\" rows=\"10\"><a href=\"https:\/\/2011.poznan.wordcamp.org\" title=\"WordCamp Pozna\u0144 2011\"><img loading=\"lazy\" decoding=\"async\" src=\"https:\/\/2011.poznan.wordcamp.org\/files\/2011\/10\/uniwersalny.png\" width=\"200\" height=\"200\" alt=\"WordCamp Pozna\u0144 2011\" \/><\/a><\/textarea><\/div>\n<\/div>\n<div class=\"one-button\">\n<h2>Dla Uczestnik\u00f3w &#8211; 200x200px<\/h2>\n<div class=\"cols\"><img loading=\"lazy\" decoding=\"async\" src=\"https:\/\/2011.poznan.wordcamp.org\/files\/2011\/10\/wybieram-sie.png\" width=\"200\" height=\"200\" alt=\"WordCamp Pozna\u0144 2011\" class=\"preview-btn\"><textarea cols=\"30\" rows=\"10\"><a href=\"https:\/\/2011.poznan.wordcamp.org\" title=\"WordCamp Pozna\u0144 2011\"><img loading=\"lazy\" decoding=\"async\" src=\"https:\/\/2011.poznan.wordcamp.org\/files\/2011\/10\/wybieram-sie.png\" width=\"200\" height=\"200\" alt=\"WordCamp Pozna\u0144 2011\" \/><\/a><\/textarea><\/div>\n<\/div>\n<div class=\"one-button\">\n<h2>Dla speaker\u00f3w &#8211; 200x200px<\/h2>\n<div class=\"cols\"><img loading=\"lazy\" decoding=\"async\" src=\"https:\/\/2011.poznan.wordcamp.org\/files\/2011\/10\/jestem-speakerem.png\" width=\"200\" height=\"200\" alt=\"WordCamp Pozna\u0144 2011\" class=\"preview-btn\"><textarea cols=\"30\" rows=\"10\"><a href=\"https:\/\/2011.poznan.wordcamp.org\" title=\"WordCamp Pozna\u0144 2011\"><img loading=\"lazy\" decoding=\"async\" src=\"https:\/\/2011.poznan.wordcamp.org\/files\/2011\/10\/jestem-speakerem.png\" width=\"200\" height=\"200\" alt=\"WordCamp Pozna\u0144 2011\" \/><\/a><\/textarea><\/div>\n<\/div>\n<div class=\"one-button\">\n<h2>Przyklejony naro\u017cnik &#8211; 178x179px<\/h2>\n<div class=\"cols\"><img loading=\"lazy\" decoding=\"async\" src=\"https:\/\/2011.poznan.wordcamp.org\/files\/2011\/10\/naroznik.gif\" width=\"178\" height=\"179\" alt=\"WordCamp Pozna\u0144 2011\" class=\"preview-btn\" style=\"width:178px; padding-left: 22px;\"><textarea cols=\"30\" rows=\"10\" style=\"height:179px;\"><a href=\"https:\/\/2011.poznan.wordcamp.org\" title=\"WordCamp Pozna\u0144 2011\" style=\"position: fixed; top: 0; right: 0; width: 178px; height:179px;\"><img loading=\"lazy\" decoding=\"async\" src=\"https:\/\/2011.poznan.wordcamp.org\/files\/2011\/10\/naroznik.gif\" width=\"178\" height=\"179\" alt=\"WordCamp Pozna\u0144 2011\" \/><\/a><\/textarea><\/div>\n<\/div>\n","protected":false},"excerpt":{"rendered":"<p>Do pozna\u0144skiego WordCampa nie zosta\u0142o ju\u017c wiele czasu, przyszed\u0142 wi\u0119c moment rozpocz\u0119cia intensywnej promocji! Przede wszystkim liczymy na Was &#8211; uczestnik\u00f3w, prelegent\u00f3w, pomocnik\u00f3w oraz fan\u00f3w WordPressa! Dlatego wrzu\u0107 na swoj\u0105 stron\u0119 czy te\u017c bloga informacje o WordCampie, poinformuj o nim &hellip; <a href=\"https:\/\/poznan.wordcamp.org\/2011\/materialy-reklamowe\/\">Continue reading <span class=\"screen-reader-text\">Materia\u0142y reklamowe<\/span>  <span class=\"meta-nav\">&rarr;<\/span><\/a><\/p>\n","protected":false},"author":8377974,"featured_media":0,"parent":0,"menu_order":0,"comment_status":"closed","ping_status":"closed","template":"","meta":{"jetpack_post_was_ever_published":false,"footnotes":""},"class_list":["post-598","page","type-page","status-publish","hentry"],"jetpack_shortlink":"https:\/\/wp.me\/P1T9bS-9E","jetpack_sharing_enabled":true,"_links":{"self":[{"href":"https:\/\/poznan.wordcamp.org\/2011\/wp-json\/wp\/v2\/pages\/598","targetHints":{"allow":["GET"]}}],"collection":[{"href":"https:\/\/poznan.wordcamp.org\/2011\/wp-json\/wp\/v2\/pages"}],"about":[{"href":"https:\/\/poznan.wordcamp.org\/2011\/wp-json\/wp\/v2\/types\/page"}],"author":[{"embeddable":true,"href":"https:\/\/poznan.wordcamp.org\/2011\/wp-json\/wp\/v2\/users\/8377974"}],"replies":[{"embeddable":true,"href":"https:\/\/poznan.wordcamp.org\/2011\/wp-json\/wp\/v2\/comments?post=598"}],"version-history":[{"count":8,"href":"https:\/\/poznan.wordcamp.org\/2011\/wp-json\/wp\/v2\/pages\/598\/revisions"}],"predecessor-version":[{"id":616,"href":"https:\/\/poznan.wordcamp.org\/2011\/wp-json\/wp\/v2\/pages\/598\/revisions\/616"}],"wp:attachment":[{"href":"https:\/\/poznan.wordcamp.org\/2011\/wp-json\/wp\/v2\/media?parent=598"}],"curies":[{"name":"wp","href":"https:\/\/api.w.org\/{rel}","templated":true}]}}