{"id":2,"date":"2011-09-27T20:42:19","date_gmt":"2011-09-27T20:42:19","guid":{"rendered":"http:\/\/2011-poznan.wordcamp.org\/?page_id=2"},"modified":"2012-11-06T13:45:58","modified_gmt":"2012-11-06T12:45:58","slug":"prelegenci","status":"publish","type":"page","link":"https:\/\/poznan.wordcamp.org\/2011\/prelegenci\/","title":{"rendered":"Prelegenci"},"content":{"rendered":"<h1 class=\"entry-title\">Prelegenci<\/h1>\n\n\t\t<div class=\"cpt-loop speaker-gravatar-list clearfix\">\n\t\t\t<p>\n\t\t\t\t\t\t\t<a href='#adam-klimowski' title='Adam Klimowski'><img alt='' src='https:\/\/secure.gravatar.com\/avatar\/bea20d463eca0d71ea963d8633f0922187be1c843f0c864e3b308ebbc358873a?s=48&#038;d=mm&#038;r=g' srcset='https:\/\/secure.gravatar.com\/avatar\/bea20d463eca0d71ea963d8633f0922187be1c843f0c864e3b308ebbc358873a?s=96&#038;d=mm&#038;r=g 2x' class='avatar avatar-48 photo' height='48' width='48' \/><\/a>\t\t\t\t\t\t\t<a href='#arkadiusz-steplowski' title='Arkadiusz St\u0119plowski'><img alt='' src='https:\/\/secure.gravatar.com\/avatar\/936854a95cbb194f1beb45f702f5de00ff32e20b8356a12370cb86f9b27b5a57?s=48&#038;d=mm&#038;r=g' srcset='https:\/\/secure.gravatar.com\/avatar\/936854a95cbb194f1beb45f702f5de00ff32e20b8356a12370cb86f9b27b5a57?s=96&#038;d=mm&#038;r=g 2x' class='avatar avatar-48 photo' height='48' width='48' \/><\/a>\t\t\t\t\t\t\t<a href='#bartek-bilicki' title='Bartek Bilicki'><img alt='' src='https:\/\/secure.gravatar.com\/avatar\/ccb64a80e84eb99f11a576e60f77de6c98a3219d635503b238d8b61b27faa536?s=48&#038;d=mm&#038;r=g' srcset='https:\/\/secure.gravatar.com\/avatar\/ccb64a80e84eb99f11a576e60f77de6c98a3219d635503b238d8b61b27faa536?s=96&#038;d=mm&#038;r=g 2x' class='avatar avatar-48 photo' height='48' width='48' \/><\/a>\t\t\t\t\t\t\t<a href='#jakub-m-milczarek' title='Jakub M. Milczarek'><img alt='' src='https:\/\/secure.gravatar.com\/avatar\/5f6360deff9fb76c1f1ac0c6c37cdf7ccd1ed783e3e4de50ebab7dd7c0ee3c2d?s=48&#038;d=mm&#038;r=g' srcset='https:\/\/secure.gravatar.com\/avatar\/5f6360deff9fb76c1f1ac0c6c37cdf7ccd1ed783e3e4de50ebab7dd7c0ee3c2d?s=96&#038;d=mm&#038;r=g 2x' class='avatar avatar-48 photo' height='48' width='48' \/><\/a>\t\t\t\t\t\t\t<a href='#konrad-dzwinel' title='Konrad Dzwinel'><img alt='' src='https:\/\/secure.gravatar.com\/avatar\/7ad18495739899abf066dd2fc072c5c4e3fe01853d6b1b89aecf27d7bea84af4?s=48&#038;d=mm&#038;r=g' srcset='https:\/\/secure.gravatar.com\/avatar\/7ad18495739899abf066dd2fc072c5c4e3fe01853d6b1b89aecf27d7bea84af4?s=96&#038;d=mm&#038;r=g 2x' class='avatar avatar-48 photo' height='48' width='48' \/><\/a>\t\t\t\t\t\t\t<a href='#kuba-niewiarowski' title='Kuba Niewiarowski'><img alt='' src='https:\/\/secure.gravatar.com\/avatar\/a7cdc3bbf18473d84017e1d2b42b59f691ef1b9a541eb0aefd3d61b9ca41d648?s=48&#038;d=mm&#038;r=g' srcset='https:\/\/secure.gravatar.com\/avatar\/a7cdc3bbf18473d84017e1d2b42b59f691ef1b9a541eb0aefd3d61b9ca41d648?s=96&#038;d=mm&#038;r=g 2x' class='avatar avatar-48 photo' height='48' width='48' \/><\/a>\t\t\t\t\t\t\t<a href='#maciek-kuchnik' title='Maciek Kuchnik'><img alt='' src='https:\/\/secure.gravatar.com\/avatar\/c4b8b3c5ce962e06a523202171d333c14cd5da7f46effc00c9c8fd711457ecce?s=48&#038;d=mm&#038;r=g' srcset='https:\/\/secure.gravatar.com\/avatar\/c4b8b3c5ce962e06a523202171d333c14cd5da7f46effc00c9c8fd711457ecce?s=96&#038;d=mm&#038;r=g 2x' class='avatar avatar-48 photo' height='48' width='48' \/><\/a>\t\t\t\t\t\t\t<a href='#magdalena-brod' title='Magdalena Br\u00f3d'><img alt='' src='https:\/\/secure.gravatar.com\/avatar\/6f49d33c62f4d8344e09fc12b5d7d2327d92980b11865bc0a8d4ab4e308bd197?s=48&#038;d=mm&#038;r=g' srcset='https:\/\/secure.gravatar.com\/avatar\/6f49d33c62f4d8344e09fc12b5d7d2327d92980b11865bc0a8d4ab4e308bd197?s=96&#038;d=mm&#038;r=g 2x' class='avatar avatar-48 photo' height='48' width='48' \/><\/a>\t\t\t\t\t\t\t<a href='#marcin-pietrzak' title='Marcin Pietrzak'><img alt='' src='https:\/\/secure.gravatar.com\/avatar\/a8104989475416d5f7ecc4da1d3f5b9fbba0b58ebe65be2a9490740e1a73bfa1?s=48&#038;d=mm&#038;r=g' srcset='https:\/\/secure.gravatar.com\/avatar\/a8104989475416d5f7ecc4da1d3f5b9fbba0b58ebe65be2a9490740e1a73bfa1?s=96&#038;d=mm&#038;r=g 2x' class='avatar avatar-48 photo' height='48' width='48' \/><\/a>\t\t\t\t\t\t\t<a href='#marcin-wolak' title='Marcin Wolak'><img alt='' src='https:\/\/secure.gravatar.com\/avatar\/c988256517f676ccc916d59041faef5d47c51b3a1fc71f20f3326e2aa301d771?s=48&#038;d=mm&#038;r=g' srcset='https:\/\/secure.gravatar.com\/avatar\/c988256517f676ccc916d59041faef5d47c51b3a1fc71f20f3326e2aa301d771?s=96&#038;d=mm&#038;r=g 2x' class='avatar avatar-48 photo' height='48' width='48' \/><\/a>\t\t\t\t\t\t\t<a href='#michal-mackowiak' title='Micha\u0142 Ma\u0107kowiak'><img alt='' src='https:\/\/secure.gravatar.com\/avatar\/32a0a8ed6174f46b6cac0f19bd625754dba88bd59cbd4ad8551b86dd90465795?s=48&#038;d=mm&#038;r=g' srcset='https:\/\/secure.gravatar.com\/avatar\/32a0a8ed6174f46b6cac0f19bd625754dba88bd59cbd4ad8551b86dd90465795?s=96&#038;d=mm&#038;r=g 2x' class='avatar avatar-48 photo' height='48' width='48' \/><\/a>\t\t\t\t\t\t\t<a href='#michal-zuk' title='Micha\u0142 \u017buk'><img alt='' src='https:\/\/secure.gravatar.com\/avatar\/5a10e97fca2e76634111f835342fa047e04d4272fef25de55ce48d075d317267?s=48&#038;d=mm&#038;r=g' srcset='https:\/\/secure.gravatar.com\/avatar\/5a10e97fca2e76634111f835342fa047e04d4272fef25de55ce48d075d317267?s=96&#038;d=mm&#038;r=g 2x' class='avatar avatar-48 photo' height='48' width='48' \/><\/a>\t\t\t\t\t\t\t<a href='#pawel-pela' title='Pawe\u0142 Pela'><img alt='' src='https:\/\/secure.gravatar.com\/avatar\/2739c06756398d9cdf41e749d21ebe9d8bd77fe2b3d030515cb3eef1c4fa2209?s=48&#038;d=mm&#038;r=g' srcset='https:\/\/secure.gravatar.com\/avatar\/2739c06756398d9cdf41e749d21ebe9d8bd77fe2b3d030515cb3eef1c4fa2209?s=96&#038;d=mm&#038;r=g 2x' class='avatar avatar-48 photo' height='48' width='48' \/><\/a>\t\t\t\t\t\t\t<a href='#robert-mikolajuk' title='Robert Miko\u0142ajuk'><img alt='' src='https:\/\/secure.gravatar.com\/avatar\/73c6b9e2ae4d1e59103333ca054e5642fe2f0be9d61f2486b55dcfea32ce8982?s=48&#038;d=mm&#038;r=g' srcset='https:\/\/secure.gravatar.com\/avatar\/73c6b9e2ae4d1e59103333ca054e5642fe2f0be9d61f2486b55dcfea32ce8982?s=96&#038;d=mm&#038;r=g 2x' class='avatar avatar-48 photo' height='48' width='48' \/><\/a>\t\t\t\t\t\t\t<a href='#szymon-skulimowski' title='Szymon Skulimowski'><img alt='' src='https:\/\/secure.gravatar.com\/avatar\/8c70e00e7e3d47c7fb75698ecdeefec0fa8a4bbee9231b1c984ddf86abe2f562?s=48&#038;d=mm&#038;r=g' srcset='https:\/\/secure.gravatar.com\/avatar\/8c70e00e7e3d47c7fb75698ecdeefec0fa8a4bbee9231b1c984ddf86abe2f562?s=96&#038;d=mm&#038;r=g 2x' class='avatar avatar-48 photo' height='48' width='48' \/><\/a>\t\t\t\t\t\t<\/p>\n\t\t<\/div>\n\n\t\t\t\t\n\t\t<div class=\"cpt-loop speakers\">\n\t\t\t<div class=\"grid_6 alpha\">\n\n\t\t\t\t\n\t\t\t\t\t\n\t\t\t\t\t<div id=\"adam-klimowski\" class=\"speaker clearfix odd post-27 wcb_speaker type-wcb_speaker status-publish hentry\" >\n\t\t\t\t\t\t<h3 class=\"entry-title speaker-name\">Adam Klimowski<\/h3>\n\t\t\t\t\t\t<div class=\"entry-content speaker-bio\">\n\t\t\t\t\t\t<img alt='' src='https:\/\/secure.gravatar.com\/avatar\/bea20d463eca0d71ea963d8633f0922187be1c843f0c864e3b308ebbc358873a?s=102&#038;d=mm&#038;r=g' srcset='https:\/\/secure.gravatar.com\/avatar\/bea20d463eca0d71ea963d8633f0922187be1c843f0c864e3b308ebbc358873a?s=204&#038;d=mm&#038;r=g 2x' class='avatar avatar-102 photo' height='102' width='102' \/><p>Adam Klimowski &#8211; student V roku prawa UW. WordPressem interesuje si\u0119 od 7 lat, a od lat pi\u0119ciu tworzy w nim strony internetowe. Swoim do\u015bwiadczeniem dzieli si\u0119 na forum Fani WordPressa na GoldenLine oraz (niestety rzadziej) na <a href=\"http:\/\/wpninja.pl\" target=\"_blank\">WPNinja.pl<\/a>. Prelegent na WordCampie Polska 2010.<\/p>\n\t\t\t\t\t\t<\/div>\n\t\t\t\t\t<\/div>\n\t\t\t\t\n\t\t\t\t\t\n\t\t\t\t\t<div id=\"arkadiusz-steplowski\" class=\"speaker clearfix even post-623 wcb_speaker type-wcb_speaker status-publish hentry\" >\n\t\t\t\t\t\t<h3 class=\"entry-title speaker-name\">Arkadiusz St\u0119plowski<\/h3>\n\t\t\t\t\t\t<div class=\"entry-content speaker-bio\">\n\t\t\t\t\t\t<img alt='' src='https:\/\/secure.gravatar.com\/avatar\/936854a95cbb194f1beb45f702f5de00ff32e20b8356a12370cb86f9b27b5a57?s=102&#038;d=mm&#038;r=g' srcset='https:\/\/secure.gravatar.com\/avatar\/936854a95cbb194f1beb45f702f5de00ff32e20b8356a12370cb86f9b27b5a57?s=204&#038;d=mm&#038;r=g 2x' class='avatar avatar-102 photo' height='102' width='102' \/><p>Dinozaur pami\u0119taj\u0105cy czasy LOAD &#8220;*&#8221;,8,1 oraz szcz\u0119\u015bliwy posiadacz BBS-a przez tydzie\u0144. Wizjoner z \u017calem w sercu obserwuj\u0105cy jak &#8220;dziki zach\u00f3d&#8221; Internetu upada na kolana pod wp\u0142ywem g\u0142upoty u\u017cytkownik\u00f3w. Aktualnie mened\u017cer informacji i zarz\u0105dzaj\u0105cy tre\u015bci\u0105 w kilku projektach r\u00f3\u017cnej wielko\u015bci. Z wiekiem, coraz bardziej prospo\u0142eczny i natchni\u0119ty misj\u0105 nauczania wyznawca synergii.<\/p>\n\t\t\t\t\t\t<\/div>\n\t\t\t\t\t<\/div>\n\t\t\t\t\n\t\t\t\t\t\n\t\t\t\t\t<div id=\"bartek-bilicki\" class=\"speaker clearfix odd post-510 wcb_speaker type-wcb_speaker status-publish hentry\" >\n\t\t\t\t\t\t<h3 class=\"entry-title speaker-name\">Bartek Bilicki<\/h3>\n\t\t\t\t\t\t<div class=\"entry-content speaker-bio\">\n\t\t\t\t\t\t<img alt='' src='https:\/\/secure.gravatar.com\/avatar\/ccb64a80e84eb99f11a576e60f77de6c98a3219d635503b238d8b61b27faa536?s=102&#038;d=mm&#038;r=g' srcset='https:\/\/secure.gravatar.com\/avatar\/ccb64a80e84eb99f11a576e60f77de6c98a3219d635503b238d8b61b27faa536?s=204&#038;d=mm&#038;r=g 2x' class='avatar avatar-102 photo' height='102' width='102' \/><p>Z wykszta\u0142cenia informatyk \/ programista, sympatyzuje te\u017c z pedagogik\u0105. Przep\u0142yn\u0105\u0142 ocean WordPressa wzd\u0142u\u017c i wszerz. Ostatnio g\u0142\u00f3wnie dzieli si\u0119 wiedz\u0105, odbiera telefony, odpisuje na maile i poznaje nowych ludzi &#8211; tak w\u0142a\u015bnie rozumie prowadzenie agencji interaktywnej <a href=\"http:\/\/godmode.biz\" target=\"_blank\">Godmode<\/a>. Nie ma konta na facebooku, ale za to udaje mu si\u0119 przeczyta\u0107 rano RSSy. Pracuje ci\u0119\u017cko, cho\u0107 nie pije kawy &#8211; odkry\u0142, \u017ce wcale nie trzeba. To powa\u017cne zdj\u0119cie to tylko przykrywka.<\/p>\n\t\t\t\t\t\t<\/div>\n\t\t\t\t\t<\/div>\n\t\t\t\t\n\t\t\t\t\t\n\t\t\t\t\t<div id=\"jakub-m-milczarek\" class=\"speaker clearfix even post-13 wcb_speaker type-wcb_speaker status-publish hentry\" >\n\t\t\t\t\t\t<h3 class=\"entry-title speaker-name\">Jakub M. Milczarek<\/h3>\n\t\t\t\t\t\t<div class=\"entry-content speaker-bio\">\n\t\t\t\t\t\t<img alt='' src='https:\/\/secure.gravatar.com\/avatar\/5f6360deff9fb76c1f1ac0c6c37cdf7ccd1ed783e3e4de50ebab7dd7c0ee3c2d?s=102&#038;d=mm&#038;r=g' srcset='https:\/\/secure.gravatar.com\/avatar\/5f6360deff9fb76c1f1ac0c6c37cdf7ccd1ed783e3e4de50ebab7dd7c0ee3c2d?s=204&#038;d=mm&#038;r=g 2x' class='avatar avatar-102 photo' height='102' width='102' \/><p>Jakub M. Milczarek &#8211; doktor chemii i mi\u0142o\u015bnik sieci. Serwisami internetowymi zajmuje si\u0119 od 1997 roku, a swoja przygod\u0119 z WordPressem rozpocz\u0105\u0142 pod koniec 2007 roku. Jego zainteresowania skupiaj\u0105 si\u0119 dodatkowo wok\u00f3\u0142 spraw u\u017cyteczno\u015bci (UX) oraz projektowania interfejs\u00f3w u\u017cytkownika dla r\u00f3\u017cnorodnych aplikacji. Jest za\u0142o\u017cycielem firmy <a href=\"http:\/\/www.wp-expert.pl\" target=\"_blank\">WP-Expert<\/a> specjalizuj\u0105cej si\u0119 we wszelkich us\u0142ugach i szkoleniach zwi\u0105zanych z WordPressem. W wolnej chwili bloguje na <a href=\"http:\/\/www.milczarek.eu\" target=\"_blank\">http:\/\/www.milczarek.eu<\/a>.<\/p>\n\t\t\t\t\t\t<\/div>\n\t\t\t\t\t<\/div>\n\t\t\t\t\n\t\t\t\t\t\n\t\t\t\t\t<div id=\"konrad-dzwinel\" class=\"speaker clearfix odd post-517 wcb_speaker type-wcb_speaker status-publish hentry\" >\n\t\t\t\t\t\t<h3 class=\"entry-title speaker-name\">Konrad Dzwinel<\/h3>\n\t\t\t\t\t\t<div class=\"entry-content speaker-bio\">\n\t\t\t\t\t\t<img alt='' src='https:\/\/secure.gravatar.com\/avatar\/7ad18495739899abf066dd2fc072c5c4e3fe01853d6b1b89aecf27d7bea84af4?s=102&#038;d=mm&#038;r=g' srcset='https:\/\/secure.gravatar.com\/avatar\/7ad18495739899abf066dd2fc072c5c4e3fe01853d6b1b89aecf27d7bea84af4?s=204&#038;d=mm&#038;r=g 2x' class='avatar avatar-102 photo' height='102' width='102' \/><p>Programista PHP i Javascript. W swojej karierze pracowa\u0142 nad rozwojem komercyjnych projekt\u00f3w opartych o frameworki Zend, Codeigniter i CakePHP. Od ponad roku, wsp\u00f3\u0142pracuj\u0105c z firm\u0105 <a href=\"http:\/\/optart.pl\" target=\"_blank\">OptArt<\/a>, odkrywa mo\u017cliwo\u015bci WordPressa i zaczyna docenia\u0107 jego zalety. W wolnych chwilach pomaga przy rozwoju pluginu e-commerce do WordPressa &#8211;  Jigoshop.<\/p>\n\t\t\t\t\t\t<\/div>\n\t\t\t\t\t<\/div>\n\t\t\t\t\n\t\t\t\t\t\n\t\t\t\t\t<div id=\"kuba-niewiarowski\" class=\"speaker clearfix even post-30 wcb_speaker type-wcb_speaker status-publish hentry\" >\n\t\t\t\t\t\t<h3 class=\"entry-title speaker-name\">Kuba Niewiarowski<\/h3>\n\t\t\t\t\t\t<div class=\"entry-content speaker-bio\">\n\t\t\t\t\t\t<img alt='' src='https:\/\/secure.gravatar.com\/avatar\/a7cdc3bbf18473d84017e1d2b42b59f691ef1b9a541eb0aefd3d61b9ca41d648?s=102&#038;d=mm&#038;r=g' srcset='https:\/\/secure.gravatar.com\/avatar\/a7cdc3bbf18473d84017e1d2b42b59f691ef1b9a541eb0aefd3d61b9ca41d648?s=204&#038;d=mm&#038;r=g 2x' class='avatar avatar-102 photo' height='102' width='102' \/><p>Wieczne dziecko, ucze\u0144, przysz\u0142y informatyk. Z WordPressem styczno\u015b\u0107 ma od oko\u0142o 4 lat, z CSS-em i HTML-em praktycznie od ko\u0142yski. Kocha czysty, zrozumia\u0142y kod, komputery, Internet i WordPressa. Lubi dzieli\u0107 si\u0119 swoj\u0105 pasj\u0105 z innymi. Grafoman z umys\u0142em \u015bcis\u0142ym. Planuje w przysz\u0142o\u015bci by\u0107 doros\u0142y i bogaty.<\/p>\n\t\t\t\t\t\t<\/div>\n\t\t\t\t\t<\/div>\n\t\t\t\t\n\t\t\t\t\t\n\t\t\t\t\t<div id=\"maciek-kuchnik\" class=\"speaker clearfix odd post-17 wcb_speaker type-wcb_speaker status-publish hentry\" >\n\t\t\t\t\t\t<h3 class=\"entry-title speaker-name\">Maciek Kuchnik<\/h3>\n\t\t\t\t\t\t<div class=\"entry-content speaker-bio\">\n\t\t\t\t\t\t<img alt='' src='https:\/\/secure.gravatar.com\/avatar\/c4b8b3c5ce962e06a523202171d333c14cd5da7f46effc00c9c8fd711457ecce?s=102&#038;d=mm&#038;r=g' srcset='https:\/\/secure.gravatar.com\/avatar\/c4b8b3c5ce962e06a523202171d333c14cd5da7f46effc00c9c8fd711457ecce?s=204&#038;d=mm&#038;r=g 2x' class='avatar avatar-102 photo' height='102' width='102' \/><p>Maciej Kuchnik &#8211; programista od kliku lat zwi\u0105zany z portalem <a href=\"http:\/\/mojabochnia.pl\" target=\"_blank\">mojabochnia.pl<\/a>, gdzie zacz\u0105\u0142 swoj\u0105 przygod\u0119 z WordPressem. Tw\u00f3rca <a href=\"http:\/\/indelso.pl\" target=\"_blank\">indelso.pl<\/a> &#8211; firmy zajmuj\u0105cej si\u0119 tworzeniem stron www i rozwi\u0105za\u0144 dedykowanych. W wolnej chwili bloguje na <a href=\"http:\/\/maciekkuchnik.info\" target=\"_blank\">maciekkuchnik.info<\/a>.<\/p>\n\t\t\t\t\t\t<\/div>\n\t\t\t\t\t<\/div>\n\t\t\t\t\n\t\t\t\t\t<\/div><div class=\"grid_6 omega\">\n\t\t\t\t\t<div id=\"magdalena-brod\" class=\"speaker clearfix even post-32 wcb_speaker type-wcb_speaker status-publish hentry\" >\n\t\t\t\t\t\t<h3 class=\"entry-title speaker-name\">Magdalena Br\u00f3d<\/h3>\n\t\t\t\t\t\t<div class=\"entry-content speaker-bio\">\n\t\t\t\t\t\t<img alt='' src='https:\/\/secure.gravatar.com\/avatar\/6f49d33c62f4d8344e09fc12b5d7d2327d92980b11865bc0a8d4ab4e308bd197?s=102&#038;d=mm&#038;r=g' srcset='https:\/\/secure.gravatar.com\/avatar\/6f49d33c62f4d8344e09fc12b5d7d2327d92980b11865bc0a8d4ab4e308bd197?s=204&#038;d=mm&#038;r=g 2x' class='avatar avatar-102 photo' height='102' width='102' \/><p>Worek wiedzy o WordPressie, p\u00f3\u0142 kilograma do\u015bwiadczenia w optymalizacji pod k\u0105tem SEO, kilka blog\u00f3w, tysi\u0105ce zapisanych znak\u00f3w, a wszystko to okraszone umiarkowanym puryzmem j\u0119zykowym \u2013 tak mo\u017cna by j\u0105 w skr\u00f3cie opisa\u0107.  Na co dzie\u0144 pozycjonuje w agencji marketingowej, popo\u0142udniami tworzy w\u0142asne projekty, po nocach \u015bni jej si\u0119 skrypt, kt\u00f3ry dobrze znacie. Prowadzi bloga o <a href=\"http:\/\/seonaobcasach.pl\">pozycjonowaniu<\/a>.<\/p>\n\t\t\t\t\t\t<\/div>\n\t\t\t\t\t<\/div>\n\t\t\t\t\n\t\t\t\t\t\n\t\t\t\t\t<div id=\"marcin-pietrzak\" class=\"speaker clearfix odd post-25 wcb_speaker type-wcb_speaker status-publish hentry\" >\n\t\t\t\t\t\t<h3 class=\"entry-title speaker-name\">Marcin Pietrzak<\/h3>\n\t\t\t\t\t\t<div class=\"entry-content speaker-bio\">\n\t\t\t\t\t\t<img alt='' src='https:\/\/secure.gravatar.com\/avatar\/a8104989475416d5f7ecc4da1d3f5b9fbba0b58ebe65be2a9490740e1a73bfa1?s=102&#038;d=mm&#038;r=g' srcset='https:\/\/secure.gravatar.com\/avatar\/a8104989475416d5f7ecc4da1d3f5b9fbba0b58ebe65be2a9490740e1a73bfa1?s=204&#038;d=mm&#038;r=g 2x' class='avatar avatar-102 photo' height='102' width='102' \/><p>Od kilku lat uczestniczy w r\u00f3\u017cnych projektach dotycz\u0105cych szeroko pojmowanego www, pe\u0142ni\u0105c w nich r\u00f3\u017cne role. Od webmastera do kierownika projektu. Szczeg\u00f3lnie mocno interesuj\u0105 go kwestie zwi\u0105zane z interface\u2019em u\u017cytkownika, u\u017cyteczno\u015b\u0107 oraz dost\u0119pno\u015b\u0107. Pracuje jako osoba lub jednoosobowa firma. <a href=\"http:\/\/iworks.pl\" target=\"_blank\">iWorks &raquo;<\/a><\/p>\n\t\t\t\t\t\t<\/div>\n\t\t\t\t\t<\/div>\n\t\t\t\t\n\t\t\t\t\t\n\t\t\t\t\t<div id=\"marcin-wolak\" class=\"speaker clearfix even post-19 wcb_speaker type-wcb_speaker status-publish hentry\" >\n\t\t\t\t\t\t<h3 class=\"entry-title speaker-name\">Marcin Wolak<\/h3>\n\t\t\t\t\t\t<div class=\"entry-content speaker-bio\">\n\t\t\t\t\t\t<img alt='' src='https:\/\/secure.gravatar.com\/avatar\/c988256517f676ccc916d59041faef5d47c51b3a1fc71f20f3326e2aa301d771?s=102&#038;d=mm&#038;r=g' srcset='https:\/\/secure.gravatar.com\/avatar\/c988256517f676ccc916d59041faef5d47c51b3a1fc71f20f3326e2aa301d771?s=204&#038;d=mm&#038;r=g 2x' class='avatar avatar-102 photo' height='102' width='102' \/><p>Entuzjastyczny front-endowiec, pracuj\u0105cy i mieszkaj\u0105cy w Krakowie. Mocno wci\u0105gni\u0119ty w HTML5, CSS3 i media queries. Propagator optymalizacji czasu pracy. Dodatkowo podpina strony pod r\u00f3\u017cne dziwne CMS typu WordPress. W wolnych chwilach, poza zabaw\u0105 z synem, lubi przegl\u0105da\u0107 nowo\u015bci i ciekawostki ze \u015bwiata front-endu, webdesignu oraz fotografii.<\/p>\n\t\t\t\t\t\t<\/div>\n\t\t\t\t\t<\/div>\n\t\t\t\t\n\t\t\t\t\t\n\t\t\t\t\t<div id=\"michal-mackowiak\" class=\"speaker clearfix odd post-582 wcb_speaker type-wcb_speaker status-publish hentry\" >\n\t\t\t\t\t\t<h3 class=\"entry-title speaker-name\">Micha\u0142 Ma\u0107kowiak<\/h3>\n\t\t\t\t\t\t<div class=\"entry-content speaker-bio\">\n\t\t\t\t\t\t<img alt='' src='https:\/\/secure.gravatar.com\/avatar\/32a0a8ed6174f46b6cac0f19bd625754dba88bd59cbd4ad8551b86dd90465795?s=102&#038;d=mm&#038;r=g' srcset='https:\/\/secure.gravatar.com\/avatar\/32a0a8ed6174f46b6cac0f19bd625754dba88bd59cbd4ad8551b86dd90465795?s=204&#038;d=mm&#038;r=g 2x' class='avatar avatar-102 photo' height='102' width='102' \/><p>Front-end developer. Entuzjasta HTML5, CSS3, JavaScript i innych otwartych standard\u00f3w. Zaanga\u017cowany w Pozna\u0144 <a href=\"http:\/\/poznan.gtug.pl\/\" target=\"_blank\">GTUG<\/a>, <a href=\"http:\/\/www.meetjs.pl\/\" target=\"_blank\">meet.js<\/a> i <a href=\"http:\/\/www.akai.org.pl\" target=\"_blank\">AKAI<\/a>. Treser WordPress-a. W wolnych chwilach kibic i biegacz. Bloguje na <a href=\"http:\/\/chemikpil.pl\" target=\"_blank\">chemikpil.pl<\/a>.<\/p>\n\t\t\t\t\t\t<\/div>\n\t\t\t\t\t<\/div>\n\t\t\t\t\n\t\t\t\t\t\n\t\t\t\t\t<div id=\"michal-zuk\" class=\"speaker clearfix even post-11 wcb_speaker type-wcb_speaker status-publish hentry\" >\n\t\t\t\t\t\t<h3 class=\"entry-title speaker-name\">Micha\u0142 \u017buk<\/h3>\n\t\t\t\t\t\t<div class=\"entry-content speaker-bio\">\n\t\t\t\t\t\t<img alt='' src='https:\/\/secure.gravatar.com\/avatar\/5a10e97fca2e76634111f835342fa047e04d4272fef25de55ce48d075d317267?s=102&#038;d=mm&#038;r=g' srcset='https:\/\/secure.gravatar.com\/avatar\/5a10e97fca2e76634111f835342fa047e04d4272fef25de55ce48d075d317267?s=204&#038;d=mm&#038;r=g 2x' class='avatar avatar-102 photo' height='102' width='102' \/><p>Urodzony 1981 roku, z wykszta\u0142cenia in\u017cynier \u015brodowiska. Niepoprawny optymista. Zwi\u0105zany z internetem od lat dziewi\u0119\u0107dziesi\u0105tych. Prowadzi\u0142, tworzy\u0142 i redagowa\u0142 kilka portali. Obecnie jest entuzjast\u0105 WordPressa wdra\u017caj\u0105c wiele stron firmowych, informacyjnych, blog\u00f3w i sklep\u00f3w internetowych.<\/p>\n\t\t\t\t\t\t<\/div>\n\t\t\t\t\t<\/div>\n\t\t\t\t\n\t\t\t\t\t\n\t\t\t\t\t<div id=\"pawel-pela\" class=\"speaker clearfix odd post-15 wcb_speaker type-wcb_speaker status-publish hentry\" >\n\t\t\t\t\t\t<h3 class=\"entry-title speaker-name\">Pawe\u0142 Pela<\/h3>\n\t\t\t\t\t\t<div class=\"entry-content speaker-bio\">\n\t\t\t\t\t\t<img alt='' src='https:\/\/secure.gravatar.com\/avatar\/2739c06756398d9cdf41e749d21ebe9d8bd77fe2b3d030515cb3eef1c4fa2209?s=102&#038;d=mm&#038;r=g' srcset='https:\/\/secure.gravatar.com\/avatar\/2739c06756398d9cdf41e749d21ebe9d8bd77fe2b3d030515cb3eef1c4fa2209?s=204&#038;d=mm&#038;r=g 2x' class='avatar avatar-102 photo' height='102' width='102' \/><p><a href=\"http:\/\/paulpela.com\" target=\"_blank\">Pawe\u0142 Pela<\/a> to freelancer, web developer, kt\u00f3ry specjalizuje si\u0119 w tworzeniu stron opartych o platform\u0119 WordPress.<\/p>\n\t\t\t\t\t\t<\/div>\n\t\t\t\t\t<\/div>\n\t\t\t\t\n\t\t\t\t\t\n\t\t\t\t\t<div id=\"robert-mikolajuk\" class=\"speaker clearfix even post-21 wcb_speaker type-wcb_speaker status-publish hentry\" >\n\t\t\t\t\t\t<h3 class=\"entry-title speaker-name\">Robert Miko\u0142ajuk<\/h3>\n\t\t\t\t\t\t<div class=\"entry-content speaker-bio\">\n\t\t\t\t\t\t<img alt='' src='https:\/\/secure.gravatar.com\/avatar\/73c6b9e2ae4d1e59103333ca054e5642fe2f0be9d61f2486b55dcfea32ce8982?s=102&#038;d=mm&#038;r=g' srcset='https:\/\/secure.gravatar.com\/avatar\/73c6b9e2ae4d1e59103333ca054e5642fe2f0be9d61f2486b55dcfea32ce8982?s=204&#038;d=mm&#038;r=g 2x' class='avatar avatar-102 photo' height='102' width='102' \/><p>Robert Miko\u0142ajuk &#8211; web developer, front-endowiec, od kilku lat zapalony mi\u0142o\u015bnik WordPress&#8217;a jako bazy stron www. Entuzjasta rozwi\u0105za\u0144 OpenSource i projekt\u00f3w opartych o spo\u0142eczno\u015b\u0107. Na co dzie\u0144 etatowy pracownik, a po o\u015bmiu godzinach pracy dla babilonu &#8211; freelancer, w niewielu wolnych chwilach bloger <a href=\"http:\/\/blog.vokiel.com\" target=\"_blank\">blog.vokiel.com<\/a>.<\/p>\n\t\t\t\t\t\t<\/div>\n\t\t\t\t\t<\/div>\n\t\t\t\t\n\t\t\t\t\t\n\t\t\t\t\t<div id=\"szymon-skulimowski\" class=\"speaker clearfix odd post-5 wcb_speaker type-wcb_speaker status-publish hentry\" >\n\t\t\t\t\t\t<h3 class=\"entry-title speaker-name\">Szymon Skulimowski<\/h3>\n\t\t\t\t\t\t<div class=\"entry-content speaker-bio\">\n\t\t\t\t\t\t<img alt='' src='https:\/\/secure.gravatar.com\/avatar\/8c70e00e7e3d47c7fb75698ecdeefec0fa8a4bbee9231b1c984ddf86abe2f562?s=102&#038;d=mm&#038;r=g' srcset='https:\/\/secure.gravatar.com\/avatar\/8c70e00e7e3d47c7fb75698ecdeefec0fa8a4bbee9231b1c984ddf86abe2f562?s=204&#038;d=mm&#038;r=g 2x' class='avatar avatar-102 photo' height='102' width='102' \/><p>Szymon i WordPress to mi\u0142o\u015b\u0107 od pierwszego wejrzenia, dla kt\u00f3rej zrezygnowa\u0142 z ciep\u0142ego etatu i zosta\u0142 freelancerem. Od 3 lat nie podj\u0105\u0142 si\u0119 \u017cadnego zlecenia, kt\u00f3re nie by\u0142oby zwi\u0105zane z tym skryptem i&#8230; jest z tego dumny! Obecnie prowadzi w\u0142asn\u0105 firm\u0119 \u015bci\u015ble powi\u0105zan\u0105 z WordPressem i tworzy popularnego bloga <a href=\"http:\/\/wpninja.pl\" target=\"_blank\">WPNinja<\/a>, na kt\u00f3rym dzieli si\u0119 swoj\u0105 wiedz\u0105 i do\u015bwiadczeniem. W drugim \u017cyciu realizuje si\u0119 jako super-tata.<\/p>\n\t\t\t\t\t\t<\/div>\n\t\t\t\t\t<\/div>\n\t\t\t\t\n\t\t\t<\/div>\n\t\t<\/div>\n\n\t\t\n","protected":false},"excerpt":{"rendered":"<p>Prelegenci<\/p>\n","protected":false},"author":7694169,"featured_media":0,"parent":0,"menu_order":0,"comment_status":"closed","ping_status":"closed","template":"template-full-width.php","meta":{"jetpack_post_was_ever_published":false,"footnotes":""},"class_list":["post-2","page","type-page","status-publish","hentry"],"jetpack_shortlink":"https:\/\/wp.me\/P1T9bS-2","jetpack_sharing_enabled":false,"_links":{"self":[{"href":"https:\/\/poznan.wordcamp.org\/2011\/wp-json\/wp\/v2\/pages\/2","targetHints":{"allow":["GET"]}}],"collection":[{"href":"https:\/\/poznan.wordcamp.org\/2011\/wp-json\/wp\/v2\/pages"}],"about":[{"href":"https:\/\/poznan.wordcamp.org\/2011\/wp-json\/wp\/v2\/types\/page"}],"author":[{"embeddable":true,"href":"https:\/\/poznan.wordcamp.org\/2011\/wp-json\/wp\/v2\/users\/7694169"}],"replies":[{"embeddable":true,"href":"https:\/\/poznan.wordcamp.org\/2011\/wp-json\/wp\/v2\/comments?post=2"}],"version-history":[{"count":13,"href":"https:\/\/poznan.wordcamp.org\/2011\/wp-json\/wp\/v2\/pages\/2\/revisions"}],"predecessor-version":[{"id":816,"href":"https:\/\/poznan.wordcamp.org\/2011\/wp-json\/wp\/v2\/pages\/2\/revisions\/816"}],"wp:attachment":[{"href":"https:\/\/poznan.wordcamp.org\/2011\/wp-json\/wp\/v2\/media?parent=2"}],"curies":[{"name":"wp","href":"https:\/\/api.w.org\/{rel}","templated":true}]}}